{"id":987499968,"date":"2025-09-10T16:03:23","date_gmt":"2025-09-10T13:03:23","guid":{"rendered":"https:\/\/www.palmedromhealth.com\/?page_id=987499968"},"modified":"2025-10-30T17:51:37","modified_gmt":"2025-10-30T15:51:37","slug":"medici","status":"publish","type":"page","link":"https:\/\/www.palmedromhealth.com\/ro\/medici\/","title":{"rendered":"Medici"},"content":{"rendered":"<p>[et_pb_section fb_built=&#8221;1&#8243; custom_padding_last_edited=&#8221;on|tablet&#8221; admin_label=&#8221;header&#8221; _builder_version=&#8221;4.27.4&#8243; _module_preset=&#8221;default&#8221; custom_padding=&#8221;20px||20px||true|false&#8221; custom_padding_tablet=&#8221;||0px||false|false&#8221; custom_padding_phone=&#8221;0px||0px||false|false&#8221; locked=&#8221;off&#8221; global_colors_info=&#8221;{}&#8221;][et_pb_row custom_padding_last_edited=&#8221;off|desktop&#8221; _builder_version=&#8221;4.27.4&#8243; _module_preset=&#8221;default&#8221; custom_margin=&#8221;||0px||false|false&#8221; custom_padding=&#8221;0px||0px||false|false&#8221; custom_padding_tablet=&#8221;||||false|false&#8221; custom_padding_phone=&#8221;||0rem||false|false&#8221; locked=&#8221;off&#8221; global_colors_info=&#8221;{}&#8221;][et_pb_column type=&#8221;4_4&#8243; _builder_version=&#8221;4.27.4&#8243; _module_preset=&#8221;default&#8221; global_colors_info=&#8221;{}&#8221;][et_pb_text _builder_version=&#8221;4.27.4&#8243; _module_preset=&#8221;default&#8221; header_font=&#8221;|700|||||||&#8221; header_font_size=&#8221;3rem&#8221; header_font_size_tablet=&#8221;2.5rem&#8221; header_font_size_phone=&#8221;2rem&#8221; header_font_size_last_edited=&#8221;on|phone&#8221; global_colors_info=&#8221;{}&#8221;]<\/p>\n<h1>Medici<\/h1>\n<p>Dori\u021bi un anumit medic pentru tratamentul dumneavoastr\u0103? \u00cei pute\u021bi g\u0103si aici, dup\u0103 specializare, clinic\u0103 sau numele lor.<\/p>\n<p>[\/et_pb_text][\/et_pb_column][\/et_pb_row][\/et_pb_section][et_pb_section fb_built=&#8221;1&#8243; custom_padding_last_edited=&#8221;on|tablet&#8221; _builder_version=&#8221;4.27.4&#8243; _module_preset=&#8221;default&#8221; custom_padding_tablet=&#8221;20px||20px||true|false&#8221; custom_padding_phone=&#8221;20px||20px||true|false&#8221; global_colors_info=&#8221;{}&#8221;][et_pb_row custom_padding_last_edited=&#8221;on|phone&#8221; _builder_version=&#8221;4.27.4&#8243; _module_preset=&#8221;default&#8221; custom_padding_tablet=&#8221;20px||20px||true|false&#8221; custom_padding_phone=&#8221;0px||0px||true|false&#8221; global_colors_info=&#8221;{}&#8221;][et_pb_column type=&#8221;4_4&#8243; _builder_version=&#8221;4.27.4&#8243; _module_preset=&#8221;default&#8221; global_colors_info=&#8221;{}&#8221;][et_pb_de_mach_filter_posts filter_update_type=&#8221;update_field&#8221; select2=&#8221;on&#8221; align_reset=&#8221;right&#8221; show_reset_on_update=&#8221;on&#8221; filter_item_bg_color=&#8221;RGBA(255,255,255,0)&#8221; filter_item_padding_left=&#8221;0px&#8221; label_spacing=&#8221;20px&#8221; _builder_version=&#8221;4.27.4&#8243; _module_preset=&#8221;default&#8221; form_field_background_color=&#8221;RGBA(255,255,255,0)&#8221; form_field_focus_background_color=&#8221;RGBA(255,255,255,0)&#8221; form_field_custom_margin_tablet=&#8221;&#8221; form_field_custom_margin_phone=&#8221;||||false|false&#8221; form_field_custom_margin_last_edited=&#8221;on|phone&#8221; form_field_custom_padding=&#8221;10px|0px|10px|0px|true|false&#8221; filter_headings_font=&#8221;|700||on|||||&#8221; custom_button=&#8221;on&#8221; button_text_color=&#8221;#2C21FF&#8221; button_bg_color=&#8221;RGBA(255,255,255,0)&#8221; button_icon=&#8221;&#x51;||divi||400&#8243; button_icon_color=&#8221;#2C21FF&#8221; button_on_hover=&#8221;off&#8221; button_alignment=&#8221;right&#8221; button_custom_margin=&#8221;|0px||0px|false|false&#8221; button_custom_padding=&#8221;0px|0px|0px|10px|false|false&#8221; search_button_on_hover=&#8221;off&#8221; custom_reset_filter=&#8221;on&#8221; reset_filter_icon=&#8221;&#x51;||divi||400&#8243; reset_filter_on_hover=&#8221;off&#8221; custom_margin=&#8221;||0px||false|false&#8221; custom_margin_tablet=&#8221;||0px||false|false&#8221; custom_margin_phone=&#8221;||||false|false&#8221; custom_margin_last_edited=&#8221;on|phone&#8221; custom_padding=&#8221;||||false|false&#8221; custom_css_free_form=&#8221;selector #divi_filter {||    display: inline-flex;||    width: 100%;||    align-items: center;||}||||selector #divi_filter form {||  width:100%;||}||.et_pb_de_mach_filter_posts {||    margin-bottom: 0px !important;||}||selector .et_pb_de_mach_search_posts_item {||    margin-bottom: 0px !important;||}||@media (max-width:767px) {||  selector .et_pb_de_mach_search_posts_item {||    margin-bottom: 10px !important;||}||  selector.et_pb_de_mach_filter_posts {||    margin-bottom: 10px !important;||}||}&#8221; border_width_bottom=&#8221;1px&#8221; border_color_bottom=&#8221;rgba(0,0,0,0.15)&#8221; global_colors_info=&#8221;{}&#8221; form_field_background_color__hover_enabled=&#8221;on|hover&#8221; form_field_background_color__hover=&#8221;rgba(0,0,0,0)&#8221; form_field_focus_background_color__hover_enabled=&#8221;on|hover&#8221; form_field_focus_background_color__hover=&#8221;rgba(0,0,0,0)&#8221;][et_pb_de_mach_search_posts_item title=&#8221;Specialitate&#8221; filter_post_type=&#8221;taxonomy&#8221; custom_tax_choose=&#8221;specialitati&#8221; post_type_choose=&#8221;medici&#8221; hide_empty_on_load_only=&#8221;on&#8221; acf_filter_width=&#8221;et_pb_column_1_3&#8243; field_id=&#8221;Field_1&#8243; select2=&#8221;on&#8221; select_placeholder=&#8221;Alege specialitatea dorita&#8221; _builder_version=&#8221;4.27.4&#8243; _module_preset=&#8221;default&#8221; form_field_custom_margin=&#8221;||||false|false&#8221; form_field_custom_padding=&#8221;|||0px|false|false&#8221; global_colors_info=&#8221;{}&#8221;][\/et_pb_de_mach_search_posts_item][et_pb_de_mach_search_posts_item title=&#8221;Clinica&#8221; filter_post_type=&#8221;acf&#8221; post_type_choose=&#8221;medici&#8221; acf_name=&#8221;field_67cedd010d93f&#8221; custom_label=&#8221;Clinica&#8221; hide_empty_on_load_only=&#8221;on&#8221; acf_filter_width=&#8221;et_pb_column_1_3&#8243; field_id=&#8221;Field_1_2&#8243; select2=&#8221;on&#8221; select_placeholder=&#8221;Alege clinica dorita&#8221; _builder_version=&#8221;4.27.4&#8243; _module_preset=&#8221;default&#8221; form_field_custom_padding=&#8221;10px||||false|false&#8221; title_text_font=&#8221;|||on|||||&#8221; global_colors_info=&#8221;{}&#8221;][\/et_pb_de_mach_search_posts_item][et_pb_de_mach_search_posts_item title=&#8221;Nume&#8221; filter_post_type=&#8221;search&#8221; post_type_choose=&#8221;medici&#8221; custom_label=&#8221;Nume&#8221; acf_filter_width=&#8221;et_pb_column_1_3&#8243; field_id=&#8221;Field_1_2_2&#8243; text_placeholder=&#8221;Scrie numele doctorului&#8221; _builder_version=&#8221;4.27.4&#8243; _module_preset=&#8221;default&#8221; form_field_custom_padding=&#8221;5px||||false|false&#8221; title_text_font=&#8221;|||on|||||&#8221; global_colors_info=&#8221;{}&#8221;][\/et_pb_de_mach_search_posts_item][\/et_pb_de_mach_filter_posts][\/et_pb_column][\/et_pb_row][et_pb_row _builder_version=&#8221;4.27.4&#8243; _module_preset=&#8221;default&#8221; global_colors_info=&#8221;{}&#8221;][et_pb_column type=&#8221;4_4&#8243; _builder_version=&#8221;4.27.4&#8243; _module_preset=&#8221;default&#8221; global_colors_info=&#8221;{}&#8221;][et_pb_de_mach_archive_loop post_type_choose=&#8221;medici&#8221; loop_layout=&#8221;294&#8243; posts_number=&#8221;12&#8243; enable_loadmore=&#8221;pagination&#8221; scrollto=&#8221;off&#8221; pagination_item_background_active=&#8221;gcid-secondary-color&#8221; admin_label=&#8221;Medici lsita&#8221; _builder_version=&#8221;4.27.4&#8243; _module_preset=&#8221;default&#8221; hover_enabled=&#8221;0&#8243; custom_css_free_form=&#8221;selector .divi-filter-pagination ul.page-numbers li {||    border-color: #171F43;||    margin: 0px 5px 0 0;||    min-width: 32px;||    text-align: center;||  border-radius:5px;||  border-left-width: 1px;||}||selector .divi-filter-pagination ul.page-numbers li a{||    color: #171F43 !important;||}||selector ul.page-numbers li a:hover,||selector li .page-numbers.current{||    background-color: #171F43 !important;||}&#8221; global_colors_info=&#8221;{%22gcid-secondary-color%22:%91%22pagination_item_background_active%22%93}&#8221; sort_order=&#8221;title&#8221; sticky_enabled=&#8221;0&#8243;][\/et_pb_de_mach_archive_loop][\/et_pb_column][\/et_pb_row][\/et_pb_section]<\/p>\n","protected":false},"excerpt":{"rendered":"<p>Medici Dori\u021bi un anumit medic pentru tratamentul dumneavoastr\u0103? \u00cei pute\u021bi g\u0103si aici, dup\u0103 specializare, clinic\u0103 sau numele lor.<\/p>\n","protected":false},"author":1,"featured_media":0,"parent":0,"menu_order":0,"comment_status":"closed","ping_status":"closed","template":"","meta":{"_acf_changed":false,"_et_pb_use_builder":"on","_et_pb_old_content":"","_et_gb_content_width":"","footnotes":""},"class_list":["post-987499968","page","type-page","status-publish","hentry"],"acf":[],"yoast_head":"<!-- This site is optimized with the Yoast SEO plugin v27.3 - https:\/\/yoast.com\/product\/yoast-seo-wordpress\/ -->\n<title>Medici - PALMED - Patronatul Furnizorilor de Servicii Medicale Private din Rom\u00e2nia<\/title>\n<meta name=\"robots\" content=\"index, follow, max-snippet:-1, max-image-preview:large, max-video-preview:-1\" \/>\n<link rel=\"canonical\" href=\"https:\/\/www.palmedromhealth.com\/ro\/medici\/\" \/>\n<meta property=\"og:locale\" content=\"ro_RO\" \/>\n<meta property=\"og:type\" content=\"article\" \/>\n<meta property=\"og:title\" content=\"Medici - PALMED - Patronatul Furnizorilor de Servicii Medicale Private din Rom\u00e2nia\" \/>\n<meta property=\"og:description\" content=\"Medici Dori\u021bi un anumit medic pentru tratamentul dumneavoastr\u0103? \u00cei pute\u021bi g\u0103si aici, dup\u0103 specializare, clinic\u0103 sau numele lor.\" \/>\n<meta property=\"og:site_name\" content=\"PALMED - Patronatul Furnizorilor de Servicii Medicale Private din Rom\u00e2nia\" \/>\n<meta property=\"article:publisher\" content=\"https:\/\/www.facebook.com\/PALMED\/\" \/>\n<meta property=\"article:modified_time\" content=\"2025-10-30T15:51:37+00:00\" \/>\n<meta name=\"twitter:card\" content=\"summary_large_image\" \/>\n<meta name=\"twitter:label1\" content=\"Timp estimat pentru citire\" \/>\n\t<meta name=\"twitter:data1\" content=\"3 minute\" \/>\n<script type=\"application\/ld+json\" class=\"yoast-schema-graph\">{\"@context\":\"https:\\\/\\\/schema.org\",\"@graph\":[{\"@type\":\"WebPage\",\"@id\":\"https:\\\/\\\/www.palmedromhealth.com\\\/ro\\\/medici\\\/\",\"url\":\"https:\\\/\\\/www.palmedromhealth.com\\\/ro\\\/medici\\\/\",\"name\":\"Medici - PALMED - Patronatul Furnizorilor de Servicii Medicale Private din Rom\u00e2nia\",\"isPartOf\":{\"@id\":\"https:\\\/\\\/www.palmedromhealth.com\\\/ro\\\/#website\"},\"datePublished\":\"2025-09-10T13:03:23+00:00\",\"dateModified\":\"2025-10-30T15:51:37+00:00\",\"inLanguage\":\"ro-RO\",\"potentialAction\":[{\"@type\":\"ReadAction\",\"target\":[\"https:\\\/\\\/www.palmedromhealth.com\\\/ro\\\/medici\\\/\"]}]},{\"@type\":\"WebSite\",\"@id\":\"https:\\\/\\\/www.palmedromhealth.com\\\/ro\\\/#website\",\"url\":\"https:\\\/\\\/www.palmedromhealth.com\\\/ro\\\/\",\"name\":\"PALMED - Patronatul Furnizorilor de Servicii Medicale Private din Rom\u00e2nia\",\"description\":\"\u00cempreun\u0103 pentru un sistem medical mai puternic.\",\"publisher\":{\"@id\":\"https:\\\/\\\/www.palmedromhealth.com\\\/ro\\\/#organization\"},\"potentialAction\":[{\"@type\":\"SearchAction\",\"target\":{\"@type\":\"EntryPoint\",\"urlTemplate\":\"https:\\\/\\\/www.palmedromhealth.com\\\/ro\\\/?s={search_term_string}\"},\"query-input\":{\"@type\":\"PropertyValueSpecification\",\"valueRequired\":true,\"valueName\":\"search_term_string\"}}],\"inLanguage\":\"ro-RO\"},{\"@type\":\"Organization\",\"@id\":\"https:\\\/\\\/www.palmedromhealth.com\\\/ro\\\/#organization\",\"name\":\"PALMED - Patronatul Furnizorilor de Servicii Medicale Private din Rom\u00e2nia\",\"url\":\"https:\\\/\\\/www.palmedromhealth.com\\\/ro\\\/\",\"logo\":{\"@type\":\"ImageObject\",\"inLanguage\":\"ro-RO\",\"@id\":\"https:\\\/\\\/www.palmedromhealth.com\\\/ro\\\/#\\\/schema\\\/logo\\\/image\\\/\",\"url\":\"https:\\\/\\\/www.palmedromhealth.com\\\/wp-content\\\/uploads\\\/2025\\\/04\\\/palmed-logo-proposal.png\",\"contentUrl\":\"https:\\\/\\\/www.palmedromhealth.com\\\/wp-content\\\/uploads\\\/2025\\\/04\\\/palmed-logo-proposal.png\",\"width\":2460,\"height\":698,\"caption\":\"PALMED - Patronatul Furnizorilor de Servicii Medicale Private din Rom\u00e2nia\"},\"image\":{\"@id\":\"https:\\\/\\\/www.palmedromhealth.com\\\/ro\\\/#\\\/schema\\\/logo\\\/image\\\/\"},\"sameAs\":[\"https:\\\/\\\/www.facebook.com\\\/PALMED\\\/\",\"https:\\\/\\\/www.linkedin.com\\\/company\\\/palmed-patronatul-furnizorilor-de-servicii-medicale-private\\\/\"]}]}<\/script>\n<!-- \/ Yoast SEO plugin. -->","yoast_head_json":{"title":"Medici - PALMED - Patronatul Furnizorilor de Servicii Medicale Private din Rom\u00e2nia","robots":{"index":"index","follow":"follow","max-snippet":"max-snippet:-1","max-image-preview":"max-image-preview:large","max-video-preview":"max-video-preview:-1"},"canonical":"https:\/\/www.palmedromhealth.com\/ro\/medici\/","og_locale":"ro_RO","og_type":"article","og_title":"Medici - PALMED - Patronatul Furnizorilor de Servicii Medicale Private din Rom\u00e2nia","og_site_name":"PALMED - Patronatul Furnizorilor de Servicii Medicale Private din Rom\u00e2nia","article_publisher":"https:\/\/www.facebook.com\/PALMED\/","article_modified_time":"2025-10-30T15:51:37+00:00","twitter_card":"summary_large_image","twitter_misc":{"Timp estimat pentru citire":"3 minute"},"schema":{"@context":"https:\/\/schema.org","@graph":[{"@type":"WebPage","@id":"https:\/\/www.palmedromhealth.com\/ro\/medici\/","url":"https:\/\/www.palmedromhealth.com\/ro\/medici\/","name":"Medici - PALMED - Patronatul Furnizorilor de Servicii Medicale Private din Rom\u00e2nia","isPartOf":{"@id":"https:\/\/www.palmedromhealth.com\/ro\/#website"},"datePublished":"2025-09-10T13:03:23+00:00","dateModified":"2025-10-30T15:51:37+00:00","inLanguage":"ro-RO","potentialAction":[{"@type":"ReadAction","target":["https:\/\/www.palmedromhealth.com\/ro\/medici\/"]}]},{"@type":"WebSite","@id":"https:\/\/www.palmedromhealth.com\/ro\/#website","url":"https:\/\/www.palmedromhealth.com\/ro\/","name":"PALMED - Patronatul Furnizorilor de Servicii Medicale Private din Rom\u00e2nia","description":"\u00cempreun\u0103 pentru un sistem medical mai puternic.","publisher":{"@id":"https:\/\/www.palmedromhealth.com\/ro\/#organization"},"potentialAction":[{"@type":"SearchAction","target":{"@type":"EntryPoint","urlTemplate":"https:\/\/www.palmedromhealth.com\/ro\/?s={search_term_string}"},"query-input":{"@type":"PropertyValueSpecification","valueRequired":true,"valueName":"search_term_string"}}],"inLanguage":"ro-RO"},{"@type":"Organization","@id":"https:\/\/www.palmedromhealth.com\/ro\/#organization","name":"PALMED - Patronatul Furnizorilor de Servicii Medicale Private din Rom\u00e2nia","url":"https:\/\/www.palmedromhealth.com\/ro\/","logo":{"@type":"ImageObject","inLanguage":"ro-RO","@id":"https:\/\/www.palmedromhealth.com\/ro\/#\/schema\/logo\/image\/","url":"https:\/\/www.palmedromhealth.com\/wp-content\/uploads\/2025\/04\/palmed-logo-proposal.png","contentUrl":"https:\/\/www.palmedromhealth.com\/wp-content\/uploads\/2025\/04\/palmed-logo-proposal.png","width":2460,"height":698,"caption":"PALMED - Patronatul Furnizorilor de Servicii Medicale Private din Rom\u00e2nia"},"image":{"@id":"https:\/\/www.palmedromhealth.com\/ro\/#\/schema\/logo\/image\/"},"sameAs":["https:\/\/www.facebook.com\/PALMED\/","https:\/\/www.linkedin.com\/company\/palmed-patronatul-furnizorilor-de-servicii-medicale-private\/"]}]}},"_links":{"self":[{"href":"https:\/\/www.palmedromhealth.com\/ro\/wp-json\/wp\/v2\/pages\/987499968","targetHints":{"allow":["GET"]}}],"collection":[{"href":"https:\/\/www.palmedromhealth.com\/ro\/wp-json\/wp\/v2\/pages"}],"about":[{"href":"https:\/\/www.palmedromhealth.com\/ro\/wp-json\/wp\/v2\/types\/page"}],"author":[{"embeddable":true,"href":"https:\/\/www.palmedromhealth.com\/ro\/wp-json\/wp\/v2\/users\/1"}],"replies":[{"embeddable":true,"href":"https:\/\/www.palmedromhealth.com\/ro\/wp-json\/wp\/v2\/comments?post=987499968"}],"version-history":[{"count":3,"href":"https:\/\/www.palmedromhealth.com\/ro\/wp-json\/wp\/v2\/pages\/987499968\/revisions"}],"predecessor-version":[{"id":987502716,"href":"https:\/\/www.palmedromhealth.com\/ro\/wp-json\/wp\/v2\/pages\/987499968\/revisions\/987502716"}],"wp:attachment":[{"href":"https:\/\/www.palmedromhealth.com\/ro\/wp-json\/wp\/v2\/media?parent=987499968"}],"curies":[{"name":"wp","href":"https:\/\/api.w.org\/{rel}","templated":true}]}}