{"id":987494591,"date":"2025-03-24T14:00:19","date_gmt":"2025-03-24T12:00:19","guid":{"rendered":"https:\/\/www.palmedromhealth.com\/?page_id=987494591"},"modified":"2026-04-01T10:29:52","modified_gmt":"2026-04-01T07:29:52","slug":"conditii-aderare","status":"publish","type":"page","link":"https:\/\/www.palmedromhealth.com\/ro\/despre-noi\/conditii-aderare\/","title":{"rendered":"Conditii aderare"},"content":{"rendered":"<p>[et_pb_section fb_built=&#8221;1&#8243; specialty=&#8221;on&#8221; custom_padding_last_edited=&#8221;on|tablet&#8221; padding_right_1=&#8221;20px&#8221; padding_left_2=&#8221;40px&#8221; padding_top_bottom_link_1=&#8221;false&#8221; padding_top_bottom_link_2=&#8221;false&#8221; padding_left_right_link_1=&#8221;false&#8221; padding_left_right_link_2=&#8221;false&#8221; padding_1_tablet=&#8221;0px|0px|0px|0px|true|true&#8221; padding_2_tablet=&#8221;0px|0px|0px|0px|true|true&#8221; padding_1_phone=&#8221;0px|0px|0px|0px|true|true&#8221; padding_2_phone=&#8221;0px|0px|0px|0px|true|true&#8221; padding_1_last_edited=&#8221;on|tablet&#8221; padding_2_last_edited=&#8221;on|tablet&#8221; module_class_1=&#8221;col-sticky&#8221; disabled_on=&#8221;off|off|off&#8221; admin_label=&#8221;Sectiune cu coloana 1 sticky&#8221; _builder_version=&#8221;4.27.4&#8243; _module_preset=&#8221;default&#8221; inner_width=&#8221;90%&#8221; custom_padding_tablet=&#8221;20px||20px||true|false&#8221; custom_padding_phone=&#8221;10px||10px||true|false&#8221; sticky_position_last_edited=&#8221;off|desktop&#8221; custom_css_free_form=&#8221;.selector .col-sticky {|| position: sticky;|| top: 0; ||}||@media (max-width:980px) {|| .selector .col-sticky {|| position: relative;|| }||}&#8221; collapsed=&#8221;off&#8221; global_colors_info=&#8221;{}&#8221;][et_pb_column type=&#8221;1_4&#8243; _builder_version=&#8221;4.16&#8243; custom_padding=&#8221;|||&#8221; global_colors_info=&#8221;{}&#8221; custom_padding__hover=&#8221;|||&#8221;][et_pb_post_title meta=&#8221;off&#8221; featured_image=&#8221;off&#8221; _builder_version=&#8221;4.27.4&#8243; _module_preset=&#8221;default&#8221; title_font=&#8221;|700|||||||&#8221; title_font_size=&#8221;3rem&#8221; title_font_size_tablet=&#8221;2.5rem&#8221; title_font_size_phone=&#8221;2rem&#8221; title_font_size_last_edited=&#8221;on|phone&#8221; locked=&#8221;off&#8221; global_colors_info=&#8221;{}&#8221;][\/et_pb_post_title][et_pb_menu menu_id=&#8221;32&#8243; active_link_color=&#8221;#FFFFFF&#8221; disabled_on=&#8221;on|on|off&#8221; admin_label=&#8221;Meniu \u2013 despre noi&#8221; module_id=&#8221;menu-despre-noi-english&#8221; _builder_version=&#8221;4.27.4&#8243; _module_preset=&#8221;default&#8221; menu_text_color=&#8221;#171F43&#8243; menu_font_size=&#8221;16px&#8221; menu_line_height=&#8221;1.2em&#8221; custom_margin=&#8221;|20px||20px|false|true&#8221; custom_css_free_form=&#8221;ul#menu-despre-noi li,||ul#menu-despre-noi-english li {|| width: 100%;|| margin: 0px;||}&#8221; custom_css_menu_link=&#8221;width:100%;||border-radius:8px;||padding:10px;||margin:0px !important;&#8221; custom_css_active_menu_link=&#8221; background-color: #3988EA;&#8221; global_module=&#8221;987494660&#8243; global_colors_info=&#8221;{}&#8221;][\/et_pb_menu][\/et_pb_column][et_pb_column type=&#8221;3_4&#8243; specialty_columns=&#8221;3&#8243; _builder_version=&#8221;4.16&#8243; custom_padding=&#8221;|||&#8221; global_colors_info=&#8221;{}&#8221; custom_padding__hover=&#8221;|||&#8221;][et_pb_row_inner custom_padding_last_edited=&#8221;on|tablet&#8221; _builder_version=&#8221;4.27.4&#8243; _module_preset=&#8221;default&#8221; custom_padding=&#8221;||||false|false&#8221; custom_padding_tablet=&#8221;0px||0px||true|false&#8221; custom_padding_phone=&#8221;0px||0px||true|false&#8221; collapsed=&#8221;off&#8221; global_colors_info=&#8221;{}&#8221;][et_pb_column_inner saved_specialty_column_type=&#8221;3_4&#8243; _builder_version=&#8221;4.27.4&#8243; _module_preset=&#8221;default&#8221; global_colors_info=&#8221;{}&#8221;][et_pb_blurb title=&#8221;Cine poate fi membru PALMED&#8221; image_icon_width=&#8221;50px&#8221; content_max_width=&#8221;1100px&#8221; _builder_version=&#8221;4.27.4&#8243; _module_preset=&#8221;default&#8221; header_level=&#8221;h3&#8243; header_font=&#8221;|600|||||||&#8221; width=&#8221;100%&#8221; width_tablet=&#8221;90%&#8221; width_phone=&#8221;100%&#8221; width_last_edited=&#8221;off|desktop&#8221; module_alignment=&#8221;center&#8221; custom_margin=&#8221;||20px||false|false&#8221; locked=&#8221;off&#8221; global_colors_info=&#8221;{}&#8221; width__hover_enabled=&#8221;off|desktop&#8221;]<\/p>\n<p>Membru al Patronatului poate fi orice persoana juridica romana sau persoana fizica autorizata care administreaza si utilizeaza capital in scopul obtinerii de profit in conditii de concurenta si care se obliga sa respecte Statutul Patronatului, avand ca obiect unic de activitate furnizarea de servicii medicale prevazute de urmatoarele coduri CAEN:<\/p>\n<p>[\/et_pb_blurb][et_pb_text _builder_version=&#8221;4.27.4&#8243; _module_preset=&#8221;default&#8221; custom_padding=&#8221;|||2%|false|false&#8221; hover_enabled=&#8221;0&#8243; global_colors_info=&#8221;{}&#8221; module_class=&#8221;rh-checks &#8221; sticky_enabled=&#8221;0&#8243;]<\/p>\n<p>8610: Activitati de asistenta spitaliceasca<\/p>\n<p>8622: Activitati de asistenta medicala specializata<\/p>\n<p>8623: Activitati de asistenta stomatologica<\/p>\n<p>8690: Alte activitati referitoare la sanatatea umana<\/p>\n<p>8710: Activitati ale centrelor de ingrijire medicala<\/p>\n<p>8720: Activitati ale centrelor de recuperare psihica si de dezintoxicare, exclusiv spitale<\/p>\n<p>8730: Activitati ale caminelor de batrani si ale caminelor pentru persoane aflate in incapacitate de a se ingriji singure<\/p>\n<p>8790: Alte activitati de asistenta sociala, cu cazare n.c.a.<\/p>\n<p>8810: Activitati de asistenta sociala, fara cazare, pentru batrani si pentru persoane aflate in incapacitate de a se ingriji singure<\/p>\n<p>8891: Activitati de ingrijire zilnica pentru copii<\/p>\n<p>8899: Alte activitati de asistenta sociala, fara cazare, n.c.a.<\/p>\n<p>[\/et_pb_text][et_pb_blurb title=&#8221;Au calitatea de membri ai Patronatului PALMED&#8221; image_icon_width=&#8221;50px&#8221; content_max_width=&#8221;1100px&#8221; _builder_version=&#8221;4.27.4&#8243; _module_preset=&#8221;default&#8221; header_level=&#8221;h3&#8243; header_font=&#8221;|600|||||||&#8221; width=&#8221;100%&#8221; width_tablet=&#8221;90%&#8221; width_phone=&#8221;100%&#8221; width_last_edited=&#8221;off|desktop&#8221; module_alignment=&#8221;center&#8221; custom_margin=&#8221;20px||20px||true|false&#8221; locked=&#8221;off&#8221; global_colors_info=&#8221;{}&#8221; width__hover_enabled=&#8221;off|desktop&#8221;]<\/p>\n<ul>\n<li>membrii fondatori<\/li>\n<li>membrii aderenti<\/li>\n<li>membrii onorifici<\/li>\n<\/ul>\n<p>Membrii fondatori ai Patronatului sunt semnatarii formei initiale a statutului. Membrii fondatori ai Patronatului sunt persoanele juridice sau persoane fizice autorizate care au participat la constituirea patrimoniului initial si la infiintarea acestuia, figurand ca atare in actele constitutive. Pentru a asigura scopul pentru care au solicitat inscrierea patronatului si pentru a asigura prin profilul moral si profesional, cresterea prestigiului patronatului, fondatorii sunt obligati sa constituie patrimoniul social de fondare.<\/p>\n<p>Membrii aderenti sunt persoanele care adera la Patronat ulterior constituirii sale legale, in conditiile prezentului statut. Membru aderent poate fi orice persoana juridica legal constituita\/ persoana fizica autorizata, cu deplina capacitate de exercitiu si folosinta, romana.<\/p>\n<p>Membrii de onoare, la propunerea Consiliului Director sau a Presedintelui Patronatului si cu aprobarea Adunarii Generale a Membrilor patronatului, pot fi membri de onoare persoanele juridice sau persoanele fizice autorizate, membri sau persoane straine de patronat, care au realizari profesionale si stiintifice in domeniul de activitate al patronatului sau care, prin intreaga lor activitate, au sprijinit sau sprijina patronatul in realizarea scopului acestuia.<\/p>\n<p>Daca doriti sa contribuiti la efortul nostru de crestere a competitivitatii mediului de afaceri romanesc si sa deveniti un factor de influenta in deciziile luate la nivel macroeconomic in dezvoltarea unui sistem sanitar centrat pe pacient, va invitam sa veniti alaturi de noi.<\/p>\n<p>[\/et_pb_blurb][\/et_pb_column_inner][\/et_pb_row_inner][et_pb_row_inner admin_label=&#8221;obiective&#8221; _builder_version=&#8221;4.27.4&#8243; _module_preset=&#8221;default&#8221; background_color=&#8221;#3988EA&#8221; border_radii=&#8221;on|10px|10px|10px|10px&#8221; collapsed=&#8221;on&#8221; global_colors_info=&#8221;{}&#8221;][et_pb_column_inner saved_specialty_column_type=&#8221;3_4&#8243; _builder_version=&#8221;4.27.4&#8243; _module_preset=&#8221;default&#8221; global_colors_info=&#8221;{}&#8221;][et_pb_blurb title=&#8221;Modalitate de aderare&#8221; use_icon=&#8221;on&#8221; font_icon=&#8221;\ue0f5||divi||400&#8243; icon_color=&#8221;#FFFFFF&#8221; icon_placement=&#8221;left&#8221; image_icon_width=&#8221;50px&#8221; content_max_width=&#8221;1100px&#8221; icon_placement_tablet=&#8221;left&#8221; icon_placement_phone=&#8221;top&#8221; icon_placement_last_edited=&#8221;on|phone&#8221; _builder_version=&#8221;4.27.4&#8243; _module_preset=&#8221;default&#8221; header_level=&#8221;h2&#8243; background_layout=&#8221;dark&#8221; width=&#8221;90%&#8221; module_alignment=&#8221;center&#8221; custom_padding_tablet=&#8221;|20px||20px|false|true&#8221; custom_padding_phone=&#8221;|20px||20px|false|true&#8221; custom_padding_last_edited=&#8221;on|phone&#8221; global_colors_info=&#8221;{}&#8221;]<\/p>\n<p>Calitatea de membru a Patronatului se dobandeste in urma acordului Consiliului Director, de catre persoanele care, indeplinind conditiile enumerate mai sus, fac o cerere expresa in acest sens si achita taxa de inscriere.<\/p>\n<p><strong>Aprobarea cererii de primire<\/strong>\u00a0in randul membrilor patronatului se face de catre Consiliul Director, pe baza unui referat, in care se prezinta o scurta caracterizare a viitorului membru, a pozitiei acestuia pe piata romaneasca si orice alte elemente care sunt de natura a scoate in evidenta acceptarea sau refuzarea cererii de aderare, concomitent cu informarea tuturor membrilor patronatului.<\/p>\n<p>In cazul refuzului dat de Consiliul Director, cel interesat se poate adresa primei sesiuni a Adunarii Generale, care va lua o hotarare definitiva in acest sens. Cererea viitorului membru va fi insotita de:<\/p>\n<ul>\n<li>o fotocopie de pe statut \/autorizatie de functionare sau certificat constatator emis de Registrul Comertului in original,<\/li>\n<li>copie certificat de inregistrare in Registrul Unic al Cabinetelor Medicale,<\/li>\n<li>lista persoanelor din organele de conducere\/reprezentant legal,<\/li>\n<li>copie dupa dovada achitarii taxei de inscriere,<\/li>\n<li>declaratie pe proprie raspundere ca indeplineste conditiile legale de functionare.<\/li>\n<\/ul>\n<p>Calitatea de membru al patronatului nu poate fi transmisa. Primirea de noi membri in cadrul patronatului se face prin semnarea unei adeziuni, dupa aprobarea acesteia de catre organul deliberativ, respectiv Consiliul Director.<\/p>\n<p>[\/et_pb_blurb][\/et_pb_column_inner][\/et_pb_row_inner][et_pb_row_inner use_custom_gutter=&#8221;on&#8221; gutter_width=&#8221;2&#8243; admin_label=&#8221;Buton&#8221; _builder_version=&#8221;4.27.4&#8243; _module_preset=&#8221;default&#8221; custom_padding=&#8221;||20px||false|false&#8221; collapsed=&#8221;off&#8221; global_colors_info=&#8221;{}&#8221;][et_pb_column_inner saved_specialty_column_type=&#8221;3_4&#8243; _builder_version=&#8221;4.27.4&#8243; _module_preset=&#8221;default&#8221; global_colors_info=&#8221;{}&#8221;][dipl_button inline_buttons=&#8221;on&#8221; buttons_alignment=&#8221;center&#8221; _builder_version=&#8221;4.27.4&#8243; _module_preset=&#8221;default&#8221; global_colors_info=&#8221;{}&#8221;][dipl_button_item button_text=&#8221;Vreau sa devin membru\/ Medical service provider&#8221; button_url=&#8221;\/wp-content\/uploads\/2025\/07\/Cerere-de-Aderare-PALMED-2025.pdf&#8221; url_new_window=&#8221;on&#8221; button_bg_color=&#8221;gcid-bcb6053c-0e02-4136-9530-6d596aea8a20&#8243; button_custom_margin=&#8221;|5px||5px|false|true&#8221; _builder_version=&#8221;4.27.4&#8243; _module_preset=&#8221;default&#8221; button_text_color=&#8221;#FFFFFF&#8221; border_radii=&#8221;on|5px|5px|5px|5px&#8221; global_colors_info=&#8221;{%22gcid-bcb6053c-0e02-4136-9530-6d596aea8a20%22:%91%22button_bg_color%22%93,%22gcid-4546bdfc-dd6c-4c8e-a8d3-8f0197a1b57e%22:%91%22button_bg_color__hover%22%93}&#8221; button_bg_color__hover_enabled=&#8221;on|hover&#8221; button_bg_color__hover=&#8221;#b20000&#8243; button_bg_enable_color__hover=&#8221;on&#8221;][\/dipl_button_item][dipl_button_item button_text=&#8221;Citeste Statut PALMED&#8221; button_url=&#8221;\/wp-content\/uploads\/2025\/09\/Statut-PALMED-2025_v2.pdf&#8221; url_new_window=&#8221;on&#8221; button_bg_color=&#8221;gcid-bcb6053c-0e02-4136-9530-6d596aea8a20&#8243; button_custom_margin=&#8221;|5px||5px|false|true&#8221; _builder_version=&#8221;4.27.4&#8243; _module_preset=&#8221;default&#8221; button_text_color=&#8221;#FFFFFF&#8221; border_radii=&#8221;on|5px|5px|5px|5px&#8221; global_colors_info=&#8221;{%22gcid-bcb6053c-0e02-4136-9530-6d596aea8a20%22:%91%22button_bg_color%22%93,%22gcid-4546bdfc-dd6c-4c8e-a8d3-8f0197a1b57e%22:%91%22button_bg_color__hover%22%93}&#8221; button_bg_color__hover_enabled=&#8221;on|hover&#8221; button_bg_color__hover=&#8221;#b20000&#8243; button_bg_enable_color__hover=&#8221;on&#8221;][\/dipl_button_item][\/dipl_button][\/et_pb_column_inner][\/et_pb_row_inner][\/et_pb_column][\/et_pb_section]<\/p>\n","protected":false},"excerpt":{"rendered":"<p>Membru al Patronatului poate fi orice persoana juridica romana sau persoana fizica autorizata care administreaza si utilizeaza capital in scopul obtinerii de profit in conditii de concurenta si care se obliga sa respecte Statutul Patronatului, avand ca obiect unic de activitate furnizarea de servicii medicale prevazute de urmatoarele coduri CAEN: 8610: Activitati de asistenta spitaliceasca [&hellip;]<\/p>\n","protected":false},"author":1,"featured_media":0,"parent":460,"menu_order":0,"comment_status":"closed","ping_status":"closed","template":"","meta":{"_acf_changed":false,"_et_pb_use_builder":"on","_et_pb_old_content":"","_et_gb_content_width":"","footnotes":""},"class_list":["post-987494591","page","type-page","status-publish","hentry"],"acf":[],"yoast_head":"<!-- This site is optimized with the Yoast SEO plugin v27.3 - https:\/\/yoast.com\/product\/yoast-seo-wordpress\/ -->\n<title>Conditii aderare - PALMED - Patronatul Furnizorilor de Servicii Medicale Private din Rom\u00e2nia<\/title>\n<meta name=\"description\" content=\"PALMED - Membru al Patronatului poate fi orice persoana juridica romana sau persoana fizica autorizata care administreaza si utilizeaza capital in scopul obtinerii de profit in conditii de concurenta si care se obliga sa respecte Statutul Patronatului.\" \/>\n<meta name=\"robots\" content=\"index, follow, max-snippet:-1, max-image-preview:large, max-video-preview:-1\" \/>\n<link rel=\"canonical\" href=\"https:\/\/www.palmedromhealth.com\/ro\/despre-noi\/conditii-aderare\/\" \/>\n<meta property=\"og:locale\" content=\"ro_RO\" \/>\n<meta property=\"og:type\" content=\"article\" \/>\n<meta property=\"og:title\" content=\"Conditii aderare - PALMED - Patronatul Furnizorilor de Servicii Medicale Private din Rom\u00e2nia\" \/>\n<meta property=\"og:description\" content=\"PALMED - Membru al Patronatului poate fi orice persoana juridica romana sau persoana fizica autorizata care administreaza si utilizeaza capital in scopul obtinerii de profit in conditii de concurenta si care se obliga sa respecte Statutul Patronatului.\" \/>\n<meta property=\"og:site_name\" content=\"PALMED - Patronatul Furnizorilor de Servicii Medicale Private din Rom\u00e2nia\" \/>\n<meta property=\"article:publisher\" content=\"https:\/\/www.facebook.com\/PALMED\/\" \/>\n<meta property=\"article:modified_time\" content=\"2026-04-01T07:29:52+00:00\" \/>\n<meta name=\"twitter:card\" content=\"summary_large_image\" \/>\n<meta name=\"twitter:label1\" content=\"Timp estimat pentru citire\" \/>\n\t<meta name=\"twitter:data1\" content=\"4 minute\" \/>\n<script type=\"application\/ld+json\" class=\"yoast-schema-graph\">{\"@context\":\"https:\\\/\\\/schema.org\",\"@graph\":[{\"@type\":\"WebPage\",\"@id\":\"https:\\\/\\\/www.palmedromhealth.com\\\/ro\\\/despre-noi\\\/conditii-aderare\\\/\",\"url\":\"https:\\\/\\\/www.palmedromhealth.com\\\/ro\\\/despre-noi\\\/conditii-aderare\\\/\",\"name\":\"Conditii aderare - PALMED - Patronatul Furnizorilor de Servicii Medicale Private din Rom\u00e2nia\",\"isPartOf\":{\"@id\":\"https:\\\/\\\/www.palmedromhealth.com\\\/ro\\\/#website\"},\"datePublished\":\"2025-03-24T12:00:19+00:00\",\"dateModified\":\"2026-04-01T07:29:52+00:00\",\"description\":\"PALMED - Membru al Patronatului poate fi orice persoana juridica romana sau persoana fizica autorizata care administreaza si utilizeaza capital in scopul obtinerii de profit in conditii de concurenta si care se obliga sa respecte Statutul Patronatului.\",\"breadcrumb\":{\"@id\":\"https:\\\/\\\/www.palmedromhealth.com\\\/ro\\\/despre-noi\\\/conditii-aderare\\\/#breadcrumb\"},\"inLanguage\":\"ro-RO\",\"potentialAction\":[{\"@type\":\"ReadAction\",\"target\":[\"https:\\\/\\\/www.palmedromhealth.com\\\/ro\\\/despre-noi\\\/conditii-aderare\\\/\"]}]},{\"@type\":\"BreadcrumbList\",\"@id\":\"https:\\\/\\\/www.palmedromhealth.com\\\/ro\\\/despre-noi\\\/conditii-aderare\\\/#breadcrumb\",\"itemListElement\":[{\"@type\":\"ListItem\",\"position\":1,\"name\":\"Despre noi\",\"item\":\"https:\\\/\\\/www.palmedromhealth.com\\\/ro\\\/despre-noi\\\/\"},{\"@type\":\"ListItem\",\"position\":2,\"name\":\"Conditii aderare\"}]},{\"@type\":\"WebSite\",\"@id\":\"https:\\\/\\\/www.palmedromhealth.com\\\/ro\\\/#website\",\"url\":\"https:\\\/\\\/www.palmedromhealth.com\\\/ro\\\/\",\"name\":\"PALMED - Patronatul Furnizorilor de Servicii Medicale Private din Rom\u00e2nia\",\"description\":\"\u00cempreun\u0103 pentru un sistem medical mai puternic.\",\"publisher\":{\"@id\":\"https:\\\/\\\/www.palmedromhealth.com\\\/ro\\\/#organization\"},\"potentialAction\":[{\"@type\":\"SearchAction\",\"target\":{\"@type\":\"EntryPoint\",\"urlTemplate\":\"https:\\\/\\\/www.palmedromhealth.com\\\/ro\\\/?s={search_term_string}\"},\"query-input\":{\"@type\":\"PropertyValueSpecification\",\"valueRequired\":true,\"valueName\":\"search_term_string\"}}],\"inLanguage\":\"ro-RO\"},{\"@type\":\"Organization\",\"@id\":\"https:\\\/\\\/www.palmedromhealth.com\\\/ro\\\/#organization\",\"name\":\"PALMED - Patronatul Furnizorilor de Servicii Medicale Private din Rom\u00e2nia\",\"url\":\"https:\\\/\\\/www.palmedromhealth.com\\\/ro\\\/\",\"logo\":{\"@type\":\"ImageObject\",\"inLanguage\":\"ro-RO\",\"@id\":\"https:\\\/\\\/www.palmedromhealth.com\\\/ro\\\/#\\\/schema\\\/logo\\\/image\\\/\",\"url\":\"https:\\\/\\\/www.palmedromhealth.com\\\/wp-content\\\/uploads\\\/2025\\\/04\\\/palmed-logo-proposal.png\",\"contentUrl\":\"https:\\\/\\\/www.palmedromhealth.com\\\/wp-content\\\/uploads\\\/2025\\\/04\\\/palmed-logo-proposal.png\",\"width\":2460,\"height\":698,\"caption\":\"PALMED - Patronatul Furnizorilor de Servicii Medicale Private din Rom\u00e2nia\"},\"image\":{\"@id\":\"https:\\\/\\\/www.palmedromhealth.com\\\/ro\\\/#\\\/schema\\\/logo\\\/image\\\/\"},\"sameAs\":[\"https:\\\/\\\/www.facebook.com\\\/PALMED\\\/\",\"https:\\\/\\\/www.linkedin.com\\\/company\\\/palmed-patronatul-furnizorilor-de-servicii-medicale-private\\\/\"]}]}<\/script>\n<!-- \/ Yoast SEO plugin. -->","yoast_head_json":{"title":"Conditii aderare - PALMED - Patronatul Furnizorilor de Servicii Medicale Private din Rom\u00e2nia","description":"PALMED - Membru al Patronatului poate fi orice persoana juridica romana sau persoana fizica autorizata care administreaza si utilizeaza capital in scopul obtinerii de profit in conditii de concurenta si care se obliga sa respecte Statutul Patronatului.","robots":{"index":"index","follow":"follow","max-snippet":"max-snippet:-1","max-image-preview":"max-image-preview:large","max-video-preview":"max-video-preview:-1"},"canonical":"https:\/\/www.palmedromhealth.com\/ro\/despre-noi\/conditii-aderare\/","og_locale":"ro_RO","og_type":"article","og_title":"Conditii aderare - PALMED - Patronatul Furnizorilor de Servicii Medicale Private din Rom\u00e2nia","og_description":"PALMED - Membru al Patronatului poate fi orice persoana juridica romana sau persoana fizica autorizata care administreaza si utilizeaza capital in scopul obtinerii de profit in conditii de concurenta si care se obliga sa respecte Statutul Patronatului.","og_site_name":"PALMED - Patronatul Furnizorilor de Servicii Medicale Private din Rom\u00e2nia","article_publisher":"https:\/\/www.facebook.com\/PALMED\/","article_modified_time":"2026-04-01T07:29:52+00:00","twitter_card":"summary_large_image","twitter_misc":{"Timp estimat pentru citire":"4 minute"},"schema":{"@context":"https:\/\/schema.org","@graph":[{"@type":"WebPage","@id":"https:\/\/www.palmedromhealth.com\/ro\/despre-noi\/conditii-aderare\/","url":"https:\/\/www.palmedromhealth.com\/ro\/despre-noi\/conditii-aderare\/","name":"Conditii aderare - PALMED - Patronatul Furnizorilor de Servicii Medicale Private din Rom\u00e2nia","isPartOf":{"@id":"https:\/\/www.palmedromhealth.com\/ro\/#website"},"datePublished":"2025-03-24T12:00:19+00:00","dateModified":"2026-04-01T07:29:52+00:00","description":"PALMED - Membru al Patronatului poate fi orice persoana juridica romana sau persoana fizica autorizata care administreaza si utilizeaza capital in scopul obtinerii de profit in conditii de concurenta si care se obliga sa respecte Statutul Patronatului.","breadcrumb":{"@id":"https:\/\/www.palmedromhealth.com\/ro\/despre-noi\/conditii-aderare\/#breadcrumb"},"inLanguage":"ro-RO","potentialAction":[{"@type":"ReadAction","target":["https:\/\/www.palmedromhealth.com\/ro\/despre-noi\/conditii-aderare\/"]}]},{"@type":"BreadcrumbList","@id":"https:\/\/www.palmedromhealth.com\/ro\/despre-noi\/conditii-aderare\/#breadcrumb","itemListElement":[{"@type":"ListItem","position":1,"name":"Despre noi","item":"https:\/\/www.palmedromhealth.com\/ro\/despre-noi\/"},{"@type":"ListItem","position":2,"name":"Conditii aderare"}]},{"@type":"WebSite","@id":"https:\/\/www.palmedromhealth.com\/ro\/#website","url":"https:\/\/www.palmedromhealth.com\/ro\/","name":"PALMED - Patronatul Furnizorilor de Servicii Medicale Private din Rom\u00e2nia","description":"\u00cempreun\u0103 pentru un sistem medical mai puternic.","publisher":{"@id":"https:\/\/www.palmedromhealth.com\/ro\/#organization"},"potentialAction":[{"@type":"SearchAction","target":{"@type":"EntryPoint","urlTemplate":"https:\/\/www.palmedromhealth.com\/ro\/?s={search_term_string}"},"query-input":{"@type":"PropertyValueSpecification","valueRequired":true,"valueName":"search_term_string"}}],"inLanguage":"ro-RO"},{"@type":"Organization","@id":"https:\/\/www.palmedromhealth.com\/ro\/#organization","name":"PALMED - Patronatul Furnizorilor de Servicii Medicale Private din Rom\u00e2nia","url":"https:\/\/www.palmedromhealth.com\/ro\/","logo":{"@type":"ImageObject","inLanguage":"ro-RO","@id":"https:\/\/www.palmedromhealth.com\/ro\/#\/schema\/logo\/image\/","url":"https:\/\/www.palmedromhealth.com\/wp-content\/uploads\/2025\/04\/palmed-logo-proposal.png","contentUrl":"https:\/\/www.palmedromhealth.com\/wp-content\/uploads\/2025\/04\/palmed-logo-proposal.png","width":2460,"height":698,"caption":"PALMED - Patronatul Furnizorilor de Servicii Medicale Private din Rom\u00e2nia"},"image":{"@id":"https:\/\/www.palmedromhealth.com\/ro\/#\/schema\/logo\/image\/"},"sameAs":["https:\/\/www.facebook.com\/PALMED\/","https:\/\/www.linkedin.com\/company\/palmed-patronatul-furnizorilor-de-servicii-medicale-private\/"]}]}},"_links":{"self":[{"href":"https:\/\/www.palmedromhealth.com\/ro\/wp-json\/wp\/v2\/pages\/987494591","targetHints":{"allow":["GET"]}}],"collection":[{"href":"https:\/\/www.palmedromhealth.com\/ro\/wp-json\/wp\/v2\/pages"}],"about":[{"href":"https:\/\/www.palmedromhealth.com\/ro\/wp-json\/wp\/v2\/types\/page"}],"author":[{"embeddable":true,"href":"https:\/\/www.palmedromhealth.com\/ro\/wp-json\/wp\/v2\/users\/1"}],"replies":[{"embeddable":true,"href":"https:\/\/www.palmedromhealth.com\/ro\/wp-json\/wp\/v2\/comments?post=987494591"}],"version-history":[{"count":23,"href":"https:\/\/www.palmedromhealth.com\/ro\/wp-json\/wp\/v2\/pages\/987494591\/revisions"}],"predecessor-version":[{"id":987501229,"href":"https:\/\/www.palmedromhealth.com\/ro\/wp-json\/wp\/v2\/pages\/987494591\/revisions\/987501229"}],"up":[{"embeddable":true,"href":"https:\/\/www.palmedromhealth.com\/ro\/wp-json\/wp\/v2\/pages\/460"}],"wp:attachment":[{"href":"https:\/\/www.palmedromhealth.com\/ro\/wp-json\/wp\/v2\/media?parent=987494591"}],"curies":[{"name":"wp","href":"https:\/\/api.w.org\/{rel}","templated":true}]}}