{"id":987494589,"date":"2025-03-24T14:00:08","date_gmt":"2025-03-24T12:00:08","guid":{"rendered":"https:\/\/www.palmedromhealth.com\/?page_id=987494589"},"modified":"2026-03-24T19:44:13","modified_gmt":"2026-03-24T17:44:13","slug":"parteneri","status":"publish","type":"page","link":"https:\/\/www.palmedromhealth.com\/ro\/despre-noi\/parteneri\/","title":{"rendered":"Parteneri"},"content":{"rendered":"<p>[et_pb_section fb_built=&#8221;1&#8243; specialty=&#8221;on&#8221; custom_padding_last_edited=&#8221;on|phone&#8221; padding_right_1=&#8221;20px&#8221; padding_left_2=&#8221;40px&#8221; padding_top_bottom_link_1=&#8221;false&#8221; padding_top_bottom_link_2=&#8221;false&#8221; padding_left_right_link_1=&#8221;false&#8221; padding_left_right_link_2=&#8221;false&#8221; padding_1_tablet=&#8221;0px|0px|0px|0px|true|true&#8221; padding_2_tablet=&#8221;0px|0px|0px|0px|true|true&#8221; padding_1_phone=&#8221;0px|0px|0px|0px|true|true&#8221; padding_2_phone=&#8221;0px|0px|0px|0px|true|true&#8221; padding_1_last_edited=&#8221;on|tablet&#8221; padding_2_last_edited=&#8221;on|tablet&#8221; module_class_1=&#8221;col-sticky&#8221; disabled_on=&#8221;off|off|off&#8221; admin_label=&#8221;Sectiune cu coloana 1 sticky&#8221; _builder_version=&#8221;4.27.4&#8243; _module_preset=&#8221;default&#8221; inner_width=&#8221;90%&#8221; custom_padding_tablet=&#8221;20px||20px||true|false&#8221; custom_padding_phone=&#8221;10px||10px||true|false&#8221; sticky_position_last_edited=&#8221;off|desktop&#8221; custom_css_free_form=&#8221;.selector .col-sticky {||\tposition: sticky;||    top: 0; ||}||@media (max-width:980px) {||  .selector .col-sticky {||\t\tposition: relative;||\t}||}&#8221; collapsed=&#8221;off&#8221; global_colors_info=&#8221;{}&#8221;][et_pb_column type=&#8221;1_4&#8243; _builder_version=&#8221;4.16&#8243; custom_padding=&#8221;|||&#8221; global_colors_info=&#8221;{}&#8221; custom_padding__hover=&#8221;|||&#8221;][et_pb_post_title meta=&#8221;off&#8221; featured_image=&#8221;off&#8221; _builder_version=&#8221;4.27.4&#8243; _module_preset=&#8221;default&#8221; title_font=&#8221;|700|||||||&#8221; title_font_size=&#8221;3rem&#8221; title_font_size_tablet=&#8221;2.5rem&#8221; title_font_size_phone=&#8221;2rem&#8221; title_font_size_last_edited=&#8221;on|phone&#8221; global_colors_info=&#8221;{}&#8221;][\/et_pb_post_title][et_pb_menu menu_id=&#8221;32&#8243; active_link_color=&#8221;#FFFFFF&#8221; disabled_on=&#8221;on|on|off&#8221; admin_label=&#8221;Meniu \u2013 despre noi&#8221; module_id=&#8221;menu-despre-noi-english&#8221; _builder_version=&#8221;4.27.4&#8243; _module_preset=&#8221;default&#8221; menu_text_color=&#8221;#171F43&#8243; menu_font_size=&#8221;16px&#8221; menu_line_height=&#8221;1.2em&#8221; custom_margin=&#8221;|20px||20px|false|true&#8221; custom_css_free_form=&#8221;ul#menu-despre-noi li,||ul#menu-despre-noi-english li {||  width: 100%;||  margin: 0px;||}&#8221; custom_css_menu_link=&#8221;width:100%;||border-radius:8px;||padding:10px;||margin:0px !important;&#8221; custom_css_active_menu_link=&#8221;     background-color: #3988EA;&#8221; global_module=&#8221;987494660&#8243; global_colors_info=&#8221;{}&#8221;][\/et_pb_menu][\/et_pb_column][et_pb_column type=&#8221;3_4&#8243; specialty_columns=&#8221;3&#8243; _builder_version=&#8221;4.16&#8243; custom_padding=&#8221;|||&#8221; global_colors_info=&#8221;{}&#8221; custom_padding__hover=&#8221;|||&#8221;][et_pb_row_inner custom_padding_last_edited=&#8221;on|tablet&#8221; _builder_version=&#8221;4.27.4&#8243; _module_preset=&#8221;default&#8221; custom_margin=&#8221;||||false|false&#8221; custom_padding=&#8221;||0px||false|false&#8221; custom_padding_tablet=&#8221;0px||0px||false|false&#8221; custom_padding_phone=&#8221;0px||0px||false|false&#8221; collapsed=&#8221;off&#8221; global_colors_info=&#8221;{}&#8221;][et_pb_column_inner saved_specialty_column_type=&#8221;3_4&#8243; _builder_version=&#8221;4.27.4&#8243; _module_preset=&#8221;default&#8221; global_colors_info=&#8221;{}&#8221;][et_pb_blurb title=&#8221;Parteneriate strategice&#8221; image_icon_width=&#8221;50px&#8221; content_max_width=&#8221;1100px&#8221; _builder_version=&#8221;4.27.4&#8243; _module_preset=&#8221;default&#8221; header_level=&#8221;h2&#8243; header_font=&#8221;|600|||||||&#8221; width=&#8221;100%&#8221; width_tablet=&#8221;90%&#8221; width_phone=&#8221;100%&#8221; width_last_edited=&#8221;off|desktop&#8221; module_alignment=&#8221;center&#8221; custom_margin=&#8221;||20px||false|false&#8221; locked=&#8221;off&#8221; global_colors_info=&#8221;{}&#8221; width__hover_enabled=&#8221;off|desktop&#8221;]<\/p>\n<p>Cream si mentinem un climat in care serviciile private de sanatate se pot dezvolta si pot fi competitive atat la nivel national, cat si international. Principala noastra dorinta este aceea de a avea sustinere in continuare in activitatea noastra de lobby, de promovare si de coagulare a intereselor membrilor nostri, cu expunere permanenta a aspectelor critice ale sistemului romanesc de sanatate catre factorii de decizie si elaborarea de solutii.<\/p>\n<p>[\/et_pb_blurb][\/et_pb_column_inner][\/et_pb_row_inner][et_pb_row_inner admin_label=&#8221;obiective&#8221; _builder_version=&#8221;4.27.4&#8243; _module_preset=&#8221;default&#8221; background_color=&#8221;#3988EA&#8221; border_radii=&#8221;on|10px|10px|10px|10px&#8221; collapsed=&#8221;on&#8221; global_colors_info=&#8221;{}&#8221;][et_pb_column_inner saved_specialty_column_type=&#8221;3_4&#8243; _builder_version=&#8221;4.27.4&#8243; _module_preset=&#8221;default&#8221; global_colors_info=&#8221;{}&#8221;][et_pb_blurb title=&#8221;Organizatii cu care colaboram pentru atingerea obiectivelor&#8221; use_icon=&#8221;on&#8221; font_icon=&#8221;&#xf4c4;||fa||900&#8243; icon_color=&#8221;#FFFFFF&#8221; icon_placement=&#8221;left&#8221; image_icon_width=&#8221;30px&#8221; content_max_width=&#8221;1100px&#8221; icon_placement_tablet=&#8221;left&#8221; icon_placement_phone=&#8221;top&#8221; icon_placement_last_edited=&#8221;on|phone&#8221; _builder_version=&#8221;4.27.4&#8243; _module_preset=&#8221;default&#8221; header_level=&#8221;h2&#8243; background_layout=&#8221;dark&#8221; width=&#8221;90%&#8221; module_alignment=&#8221;center&#8221; custom_padding_tablet=&#8221;|20px||20px|false|true&#8221; custom_padding_phone=&#8221;|20px||20px|false|true&#8221; custom_padding_last_edited=&#8221;on|tablet&#8221; global_colors_info=&#8221;{}&#8221;]<\/p>\n<p>Ne propunem sa initiem, sa sustinem si sa mentinem in continuare un mediu consultativ, de cooperare si comunicare, in relatia cu autoritatile, organizatiile medicale si profesionale, media, comunitatile de interes si publicul larg, pentru a promova si proteja interesele membrilor nostri, cu accent permanent pe drepturile pacientilor.<\/p>\n<p>[\/et_pb_blurb][\/et_pb_column_inner][\/et_pb_row_inner][et_pb_row_inner admin_label=&#8221;Row&#8221; module_class=&#8221;custom-grid-row&#8221; _builder_version=&#8221;4.27.6&#8243; _module_preset=&#8221;default&#8221; min_height=&#8221;50px&#8221; custom_margin=&#8221;50px||0px||false|false&#8221; custom_padding=&#8221;0px||0px||false|false&#8221; global_colors_info=&#8221;{}&#8221; locked=&#8221;off&#8221;][et_pb_column_inner saved_specialty_column_type=&#8221;3_4&#8243; _builder_version=&#8221;4.27.6&#8243; _module_preset=&#8221;default&#8221; custom_padding=&#8221;||||false|false&#8221; global_colors_info=&#8221;{}&#8221;][et_pb_image src=&#8221;https:\/\/www.palmedromhealth.com\/wp-content\/uploads\/2025\/03\/afpm.jpg&#8221; title_text=&#8221;afpm&#8221; url=&#8221;https:\/\/afpm.ro&#8221; _builder_version=&#8221;4.27.6&#8243; _module_preset=&#8221;default&#8221; hover_enabled=&#8221;0&#8243; border_radii=&#8221;on|7px|7px|7px|7px&#8221; border_width_all=&#8221;1px&#8221; border_color_all=&#8221;#dbdbdb&#8221; global_colors_info=&#8221;{}&#8221; force_fullwidth=&#8221;on&#8221; sticky_enabled=&#8221;0&#8243;][\/et_pb_image][et_pb_image src=&#8221;https:\/\/www.palmedromhealth.com\/wp-content\/uploads\/2025\/03\/logo_alianta.jpg&#8221; title_text=&#8221;logo_alianta&#8221; url=&#8221;https:\/\/aliantapentrusanatate.org&#8221; _builder_version=&#8221;4.27.6&#8243; _module_preset=&#8221;default&#8221; hover_enabled=&#8221;0&#8243; border_radii=&#8221;on|7px|7px|7px|7px&#8221; border_width_all=&#8221;1px&#8221; border_color_all=&#8221;#dbdbdb&#8221; global_colors_info=&#8221;{}&#8221; force_fullwidth=&#8221;on&#8221; sticky_enabled=&#8221;0&#8243;][\/et_pb_image][et_pb_image src=&#8221;https:\/\/www.palmedromhealth.com\/wp-content\/uploads\/2025\/03\/logo_anmcs.jpg&#8221; title_text=&#8221;logo_anmcs&#8221; url=&#8221;https:\/\/anmcs.gov.ro\/ro\/&#8221; _builder_version=&#8221;4.27.6&#8243; _module_preset=&#8221;default&#8221; hover_enabled=&#8221;0&#8243; border_radii=&#8221;on|7px|7px|7px|7px&#8221; border_width_all=&#8221;1px&#8221; border_color_all=&#8221;#dbdbdb&#8221; global_colors_info=&#8221;{}&#8221; force_fullwidth=&#8221;on&#8221; sticky_enabled=&#8221;0&#8243;][\/et_pb_image][et_pb_image src=&#8221;https:\/\/www.palmedromhealth.com\/wp-content\/uploads\/2025\/03\/apma.jpg&#8221; title_text=&#8221;apma&#8221; url=&#8221;https:\/\/apma.ro\/%20&#8243; _builder_version=&#8221;4.27.6&#8243; _module_preset=&#8221;default&#8221; hover_enabled=&#8221;0&#8243; border_radii=&#8221;on|7px|7px|7px|7px&#8221; border_width_all=&#8221;1px&#8221; border_color_all=&#8221;#dbdbdb&#8221; global_colors_info=&#8221;{}&#8221; force_fullwidth=&#8221;on&#8221; sticky_enabled=&#8221;0&#8243;][\/et_pb_image][\/et_pb_column_inner][\/et_pb_row_inner][et_pb_row_inner admin_label=&#8221;Row&#8221; module_class=&#8221;custom-grid-row&#8221; _builder_version=&#8221;4.27.6&#8243; _module_preset=&#8221;default&#8221; min_height=&#8221;50px&#8221; custom_margin=&#8221;10px||10px||false|false&#8221; custom_padding=&#8221;0px||0px||false|false&#8221; global_colors_info=&#8221;{}&#8221; locked=&#8221;off&#8221;][et_pb_column_inner saved_specialty_column_type=&#8221;3_4&#8243; _builder_version=&#8221;4.27.6&#8243; _module_preset=&#8221;default&#8221; global_colors_info=&#8221;{}&#8221;][et_pb_image src=&#8221;https:\/\/www.palmedromhealth.com\/wp-content\/uploads\/2026\/03\/CMSR-300&#215;300-1.jpg&#8221; title_text=&#8221;CMSR-300&#215;300&#8243; url=&#8221;https:\/\/cmsr.ro\/&#8221; _builder_version=&#8221;4.27.6&#8243; _module_preset=&#8221;default&#8221; hover_enabled=&#8221;0&#8243; border_radii=&#8221;on|7px|7px|7px|7px&#8221; border_width_all=&#8221;1px&#8221; border_color_all=&#8221;#dbdbdb&#8221; global_colors_info=&#8221;{}&#8221; force_fullwidth=&#8221;on&#8221; sticky_enabled=&#8221;0&#8243;][\/et_pb_image][et_pb_image src=&#8221;https:\/\/www.palmedromhealth.com\/wp-content\/uploads\/2026\/03\/DNSC_logo-300&#215;300-1.png&#8221; title_text=&#8221;DNSC_logo-300&#215;300&#8243; url=&#8221;https:\/\/www.dnsc.ro\/%20&#8243; _builder_version=&#8221;4.27.6&#8243; _module_preset=&#8221;default&#8221; hover_enabled=&#8221;0&#8243; border_radii=&#8221;on|7px|7px|7px|7px&#8221; border_width_all=&#8221;1px&#8221; border_color_all=&#8221;#dbdbdb&#8221; global_colors_info=&#8221;{}&#8221; force_fullwidth=&#8221;on&#8221; sticky_enabled=&#8221;0&#8243;][\/et_pb_image][et_pb_image src=&#8221;https:\/\/www.palmedromhealth.com\/wp-content\/uploads\/2025\/09\/Crucea-Alb-Galbena.jpg&#8221; alt=&#8221;Crucea Alb-Galbena \u2013 partener PALMED&#8221; title_text=&#8221;Crucea Alb-Galbena&#8221; url=&#8221;https:\/\/www.cag.ro\/%20&#8243; _builder_version=&#8221;4.27.6&#8243; _module_preset=&#8221;default&#8221; hover_enabled=&#8221;0&#8243; border_radii=&#8221;on|7px|7px|7px|7px&#8221; border_width_all=&#8221;1px&#8221; border_color_all=&#8221;#dbdbdb&#8221; global_colors_info=&#8221;{}&#8221; force_fullwidth=&#8221;on&#8221; sticky_enabled=&#8221;0&#8243;][\/et_pb_image][et_pb_image src=&#8221;https:\/\/www.palmedromhealth.com\/wp-content\/uploads\/2025\/03\/logo_website_palmed.jpg&#8221; title_text=&#8221;logo_website_palmed&#8221; url=&#8221;https:\/\/cnipmmr.ro\/&#8221; _builder_version=&#8221;4.27.6&#8243; _module_preset=&#8221;default&#8221; hover_enabled=&#8221;0&#8243; border_radii=&#8221;on|7px|7px|7px|7px&#8221; border_width_all=&#8221;1px&#8221; border_color_all=&#8221;#dbdbdb&#8221; global_colors_info=&#8221;{}&#8221; force_fullwidth=&#8221;on&#8221; sticky_enabled=&#8221;0&#8243; admin_label=&#8221;Image&#8221;][\/et_pb_image][\/et_pb_column_inner][\/et_pb_row_inner][et_pb_row_inner admin_label=&#8221;Row&#8221; module_class=&#8221;custom-grid-row&#8221; _builder_version=&#8221;4.27.6&#8243; _module_preset=&#8221;default&#8221; min_height=&#8221;50px&#8221; custom_margin=&#8221;10px||49px||false|false&#8221; custom_padding=&#8221;0px||0px||false|false&#8221; global_colors_info=&#8221;{}&#8221; locked=&#8221;off&#8221;][et_pb_column_inner saved_specialty_column_type=&#8221;3_4&#8243; _builder_version=&#8221;4.27.6&#8243; _module_preset=&#8221;default&#8221; global_colors_info=&#8221;{}&#8221;][et_pb_image src=&#8221;https:\/\/www.palmedromhealth.com\/wp-content\/uploads\/2025\/09\/Medat.jpg&#8221; alt=&#8221;MEDAT \u2013 partener PALMED&#8221; title_text=&#8221;Medat&#8221; url=&#8221;https:\/\/turism.gov.ro\/web\/%20&#8243; _builder_version=&#8221;4.27.6&#8243; _module_preset=&#8221;default&#8221; hover_enabled=&#8221;0&#8243; border_radii=&#8221;on|7px|7px|7px|7px&#8221; border_width_all=&#8221;1px&#8221; border_color_all=&#8221;#dbdbdb&#8221; global_colors_info=&#8221;{}&#8221; force_fullwidth=&#8221;on&#8221; sticky_enabled=&#8221;0&#8243;][\/et_pb_image][et_pb_image src=&#8221;https:\/\/www.palmedromhealth.com\/wp-content\/uploads\/2025\/03\/uehp.jpg&#8221; title_text=&#8221;uehp&#8221; url=&#8221;https:\/\/www.uehp.eu\/%20&#8243; _builder_version=&#8221;4.27.6&#8243; _module_preset=&#8221;default&#8221; hover_enabled=&#8221;0&#8243; border_radii=&#8221;on|7px|7px|7px|7px&#8221; border_width_all=&#8221;1px&#8221; border_color_all=&#8221;#dbdbdb&#8221; global_colors_info=&#8221;{}&#8221; force_fullwidth=&#8221;on&#8221; sticky_enabled=&#8221;0&#8243;][\/et_pb_image][et_pb_image src=&#8221;https:\/\/www.palmedromhealth.com\/wp-content\/uploads\/2025\/03\/logo_unifarm_bun.jpg&#8221; alt=&#8221;Crucea Alb-Galbena \u2013 partener PALMED&#8221; title_text=&#8221;logo_unifarm_bun&#8221; url=&#8221;https:\/\/unifarm.ro\/%20&#8243; _builder_version=&#8221;4.27.6&#8243; _module_preset=&#8221;default&#8221; hover_enabled=&#8221;0&#8243; border_radii=&#8221;on|7px|7px|7px|7px&#8221; border_width_all=&#8221;1px&#8221; border_color_all=&#8221;#dbdbdb&#8221; global_colors_info=&#8221;{}&#8221; force_fullwidth=&#8221;on&#8221; sticky_enabled=&#8221;0&#8243;][\/et_pb_image][\/et_pb_column_inner][\/et_pb_row_inner][\/et_pb_column][\/et_pb_section]<\/p>\n","protected":false},"excerpt":{"rendered":"<p>Cream si mentinem un climat in care serviciile private de sanatate se pot dezvolta si pot fi competitive atat la nivel national, cat si international. Principala noastra dorinta este aceea de a avea sustinere in continuare in activitatea noastra de lobby, de promovare si de coagulare a intereselor membrilor nostri, cu expunere permanenta a aspectelor [&hellip;]<\/p>\n","protected":false},"author":1,"featured_media":0,"parent":460,"menu_order":0,"comment_status":"closed","ping_status":"closed","template":"","meta":{"_acf_changed":false,"_et_pb_use_builder":"on","_et_pb_old_content":"","_et_gb_content_width":"","footnotes":""},"class_list":["post-987494589","page","type-page","status-publish","hentry"],"acf":[],"yoast_head":"<!-- This site is optimized with the Yoast SEO plugin v27.3 - https:\/\/yoast.com\/product\/yoast-seo-wordpress\/ -->\n<title>Parteneri - PALMED - Patronatul Furnizorilor de Servicii Medicale Private din Rom\u00e2nia<\/title>\n<meta name=\"description\" content=\"Parteneriate strategicePALMED - Cream si mentinem un climat in care serviciile private de sanatate se pot dezvolta si pot fi competitive atat la nivel national, cat si international.\" \/>\n<meta name=\"robots\" content=\"index, follow, max-snippet:-1, max-image-preview:large, max-video-preview:-1\" \/>\n<link rel=\"canonical\" href=\"https:\/\/www.palmedromhealth.com\/ro\/despre-noi\/parteneri\/\" \/>\n<meta property=\"og:locale\" content=\"ro_RO\" \/>\n<meta property=\"og:type\" content=\"article\" \/>\n<meta property=\"og:title\" content=\"Parteneri - PALMED - Patronatul Furnizorilor de Servicii Medicale Private din Rom\u00e2nia\" \/>\n<meta property=\"og:description\" content=\"Parteneriate strategicePALMED - Cream si mentinem un climat in care serviciile private de sanatate se pot dezvolta si pot fi competitive atat la nivel national, cat si international.\" \/>\n<meta property=\"og:site_name\" content=\"PALMED - Patronatul Furnizorilor de Servicii Medicale Private din Rom\u00e2nia\" \/>\n<meta property=\"article:publisher\" content=\"https:\/\/www.facebook.com\/PALMED\/\" \/>\n<meta property=\"article:modified_time\" content=\"2026-03-24T17:44:13+00:00\" \/>\n<meta name=\"twitter:card\" content=\"summary_large_image\" \/>\n<meta name=\"twitter:label1\" content=\"Timp estimat pentru citire\" \/>\n\t<meta name=\"twitter:data1\" content=\"3 minute\" \/>\n<script type=\"application\/ld+json\" class=\"yoast-schema-graph\">{\"@context\":\"https:\\\/\\\/schema.org\",\"@graph\":[{\"@type\":\"WebPage\",\"@id\":\"https:\\\/\\\/www.palmedromhealth.com\\\/ro\\\/despre-noi\\\/parteneri\\\/\",\"url\":\"https:\\\/\\\/www.palmedromhealth.com\\\/ro\\\/despre-noi\\\/parteneri\\\/\",\"name\":\"Parteneri - PALMED - Patronatul Furnizorilor de Servicii Medicale Private din Rom\u00e2nia\",\"isPartOf\":{\"@id\":\"https:\\\/\\\/www.palmedromhealth.com\\\/ro\\\/#website\"},\"datePublished\":\"2025-03-24T12:00:08+00:00\",\"dateModified\":\"2026-03-24T17:44:13+00:00\",\"description\":\"Parteneriate strategicePALMED - Cream si mentinem un climat in care serviciile private de sanatate se pot dezvolta si pot fi competitive atat la nivel national, cat si international.\",\"breadcrumb\":{\"@id\":\"https:\\\/\\\/www.palmedromhealth.com\\\/ro\\\/despre-noi\\\/parteneri\\\/#breadcrumb\"},\"inLanguage\":\"ro-RO\",\"potentialAction\":[{\"@type\":\"ReadAction\",\"target\":[\"https:\\\/\\\/www.palmedromhealth.com\\\/ro\\\/despre-noi\\\/parteneri\\\/\"]}]},{\"@type\":\"BreadcrumbList\",\"@id\":\"https:\\\/\\\/www.palmedromhealth.com\\\/ro\\\/despre-noi\\\/parteneri\\\/#breadcrumb\",\"itemListElement\":[{\"@type\":\"ListItem\",\"position\":1,\"name\":\"Despre noi\",\"item\":\"https:\\\/\\\/www.palmedromhealth.com\\\/ro\\\/despre-noi\\\/\"},{\"@type\":\"ListItem\",\"position\":2,\"name\":\"Parteneri\"}]},{\"@type\":\"WebSite\",\"@id\":\"https:\\\/\\\/www.palmedromhealth.com\\\/ro\\\/#website\",\"url\":\"https:\\\/\\\/www.palmedromhealth.com\\\/ro\\\/\",\"name\":\"PALMED - Patronatul Furnizorilor de Servicii Medicale Private din Rom\u00e2nia\",\"description\":\"\u00cempreun\u0103 pentru un sistem medical mai puternic.\",\"publisher\":{\"@id\":\"https:\\\/\\\/www.palmedromhealth.com\\\/ro\\\/#organization\"},\"potentialAction\":[{\"@type\":\"SearchAction\",\"target\":{\"@type\":\"EntryPoint\",\"urlTemplate\":\"https:\\\/\\\/www.palmedromhealth.com\\\/ro\\\/?s={search_term_string}\"},\"query-input\":{\"@type\":\"PropertyValueSpecification\",\"valueRequired\":true,\"valueName\":\"search_term_string\"}}],\"inLanguage\":\"ro-RO\"},{\"@type\":\"Organization\",\"@id\":\"https:\\\/\\\/www.palmedromhealth.com\\\/ro\\\/#organization\",\"name\":\"PALMED - Patronatul Furnizorilor de Servicii Medicale Private din Rom\u00e2nia\",\"url\":\"https:\\\/\\\/www.palmedromhealth.com\\\/ro\\\/\",\"logo\":{\"@type\":\"ImageObject\",\"inLanguage\":\"ro-RO\",\"@id\":\"https:\\\/\\\/www.palmedromhealth.com\\\/ro\\\/#\\\/schema\\\/logo\\\/image\\\/\",\"url\":\"https:\\\/\\\/www.palmedromhealth.com\\\/wp-content\\\/uploads\\\/2025\\\/04\\\/palmed-logo-proposal.png\",\"contentUrl\":\"https:\\\/\\\/www.palmedromhealth.com\\\/wp-content\\\/uploads\\\/2025\\\/04\\\/palmed-logo-proposal.png\",\"width\":2460,\"height\":698,\"caption\":\"PALMED - Patronatul Furnizorilor de Servicii Medicale Private din Rom\u00e2nia\"},\"image\":{\"@id\":\"https:\\\/\\\/www.palmedromhealth.com\\\/ro\\\/#\\\/schema\\\/logo\\\/image\\\/\"},\"sameAs\":[\"https:\\\/\\\/www.facebook.com\\\/PALMED\\\/\",\"https:\\\/\\\/www.linkedin.com\\\/company\\\/palmed-patronatul-furnizorilor-de-servicii-medicale-private\\\/\"]}]}<\/script>\n<!-- \/ Yoast SEO plugin. -->","yoast_head_json":{"title":"Parteneri - PALMED - Patronatul Furnizorilor de Servicii Medicale Private din Rom\u00e2nia","description":"Parteneriate strategicePALMED - Cream si mentinem un climat in care serviciile private de sanatate se pot dezvolta si pot fi competitive atat la nivel national, cat si international.","robots":{"index":"index","follow":"follow","max-snippet":"max-snippet:-1","max-image-preview":"max-image-preview:large","max-video-preview":"max-video-preview:-1"},"canonical":"https:\/\/www.palmedromhealth.com\/ro\/despre-noi\/parteneri\/","og_locale":"ro_RO","og_type":"article","og_title":"Parteneri - PALMED - Patronatul Furnizorilor de Servicii Medicale Private din Rom\u00e2nia","og_description":"Parteneriate strategicePALMED - Cream si mentinem un climat in care serviciile private de sanatate se pot dezvolta si pot fi competitive atat la nivel national, cat si international.","og_site_name":"PALMED - Patronatul Furnizorilor de Servicii Medicale Private din Rom\u00e2nia","article_publisher":"https:\/\/www.facebook.com\/PALMED\/","article_modified_time":"2026-03-24T17:44:13+00:00","twitter_card":"summary_large_image","twitter_misc":{"Timp estimat pentru citire":"3 minute"},"schema":{"@context":"https:\/\/schema.org","@graph":[{"@type":"WebPage","@id":"https:\/\/www.palmedromhealth.com\/ro\/despre-noi\/parteneri\/","url":"https:\/\/www.palmedromhealth.com\/ro\/despre-noi\/parteneri\/","name":"Parteneri - PALMED - Patronatul Furnizorilor de Servicii Medicale Private din Rom\u00e2nia","isPartOf":{"@id":"https:\/\/www.palmedromhealth.com\/ro\/#website"},"datePublished":"2025-03-24T12:00:08+00:00","dateModified":"2026-03-24T17:44:13+00:00","description":"Parteneriate strategicePALMED - Cream si mentinem un climat in care serviciile private de sanatate se pot dezvolta si pot fi competitive atat la nivel national, cat si international.","breadcrumb":{"@id":"https:\/\/www.palmedromhealth.com\/ro\/despre-noi\/parteneri\/#breadcrumb"},"inLanguage":"ro-RO","potentialAction":[{"@type":"ReadAction","target":["https:\/\/www.palmedromhealth.com\/ro\/despre-noi\/parteneri\/"]}]},{"@type":"BreadcrumbList","@id":"https:\/\/www.palmedromhealth.com\/ro\/despre-noi\/parteneri\/#breadcrumb","itemListElement":[{"@type":"ListItem","position":1,"name":"Despre noi","item":"https:\/\/www.palmedromhealth.com\/ro\/despre-noi\/"},{"@type":"ListItem","position":2,"name":"Parteneri"}]},{"@type":"WebSite","@id":"https:\/\/www.palmedromhealth.com\/ro\/#website","url":"https:\/\/www.palmedromhealth.com\/ro\/","name":"PALMED - Patronatul Furnizorilor de Servicii Medicale Private din Rom\u00e2nia","description":"\u00cempreun\u0103 pentru un sistem medical mai puternic.","publisher":{"@id":"https:\/\/www.palmedromhealth.com\/ro\/#organization"},"potentialAction":[{"@type":"SearchAction","target":{"@type":"EntryPoint","urlTemplate":"https:\/\/www.palmedromhealth.com\/ro\/?s={search_term_string}"},"query-input":{"@type":"PropertyValueSpecification","valueRequired":true,"valueName":"search_term_string"}}],"inLanguage":"ro-RO"},{"@type":"Organization","@id":"https:\/\/www.palmedromhealth.com\/ro\/#organization","name":"PALMED - Patronatul Furnizorilor de Servicii Medicale Private din Rom\u00e2nia","url":"https:\/\/www.palmedromhealth.com\/ro\/","logo":{"@type":"ImageObject","inLanguage":"ro-RO","@id":"https:\/\/www.palmedromhealth.com\/ro\/#\/schema\/logo\/image\/","url":"https:\/\/www.palmedromhealth.com\/wp-content\/uploads\/2025\/04\/palmed-logo-proposal.png","contentUrl":"https:\/\/www.palmedromhealth.com\/wp-content\/uploads\/2025\/04\/palmed-logo-proposal.png","width":2460,"height":698,"caption":"PALMED - Patronatul Furnizorilor de Servicii Medicale Private din Rom\u00e2nia"},"image":{"@id":"https:\/\/www.palmedromhealth.com\/ro\/#\/schema\/logo\/image\/"},"sameAs":["https:\/\/www.facebook.com\/PALMED\/","https:\/\/www.linkedin.com\/company\/palmed-patronatul-furnizorilor-de-servicii-medicale-private\/"]}]}},"_links":{"self":[{"href":"https:\/\/www.palmedromhealth.com\/ro\/wp-json\/wp\/v2\/pages\/987494589","targetHints":{"allow":["GET"]}}],"collection":[{"href":"https:\/\/www.palmedromhealth.com\/ro\/wp-json\/wp\/v2\/pages"}],"about":[{"href":"https:\/\/www.palmedromhealth.com\/ro\/wp-json\/wp\/v2\/types\/page"}],"author":[{"embeddable":true,"href":"https:\/\/www.palmedromhealth.com\/ro\/wp-json\/wp\/v2\/users\/1"}],"replies":[{"embeddable":true,"href":"https:\/\/www.palmedromhealth.com\/ro\/wp-json\/wp\/v2\/comments?post=987494589"}],"version-history":[{"count":28,"href":"https:\/\/www.palmedromhealth.com\/ro\/wp-json\/wp\/v2\/pages\/987494589\/revisions"}],"predecessor-version":[{"id":987504102,"href":"https:\/\/www.palmedromhealth.com\/ro\/wp-json\/wp\/v2\/pages\/987494589\/revisions\/987504102"}],"up":[{"embeddable":true,"href":"https:\/\/www.palmedromhealth.com\/ro\/wp-json\/wp\/v2\/pages\/460"}],"wp:attachment":[{"href":"https:\/\/www.palmedromhealth.com\/ro\/wp-json\/wp\/v2\/media?parent=987494589"}],"curies":[{"name":"wp","href":"https:\/\/api.w.org\/{rel}","templated":true}]}}