{"id":987494587,"date":"2025-03-24T13:59:52","date_gmt":"2025-03-24T11:59:52","guid":{"rendered":"https:\/\/www.palmedromhealth.com\/?page_id=987494587"},"modified":"2025-09-30T13:58:49","modified_gmt":"2025-09-30T10:58:49","slug":"consiliu-director-si-echipa","status":"publish","type":"page","link":"https:\/\/www.palmedromhealth.com\/ro\/despre-noi\/consiliu-director-si-echipa\/","title":{"rendered":"Consiliu Director si Echipa"},"content":{"rendered":"<p>[et_pb_section fb_built=&#8221;1&#8243; specialty=&#8221;on&#8221; custom_padding_last_edited=&#8221;on|phone&#8221; padding_right_1=&#8221;20px&#8221; padding_left_2=&#8221;40px&#8221; padding_top_bottom_link_1=&#8221;false&#8221; padding_top_bottom_link_2=&#8221;false&#8221; padding_left_right_link_1=&#8221;false&#8221; padding_left_right_link_2=&#8221;false&#8221; padding_1_tablet=&#8221;0px|0px|0px|0px|false|false&#8221; padding_2_tablet=&#8221;0px|0px|0px|0px|false|false&#8221; padding_1_phone=&#8221;0px|0px|0px|0px|true|true&#8221; padding_2_phone=&#8221;0px|0px|0px|0px|true|true&#8221; padding_1_last_edited=&#8221;on|phone&#8221; padding_2_last_edited=&#8221;on|tablet&#8221; module_class_1=&#8221;col-sticky&#8221; disabled_on=&#8221;off|off|off&#8221; admin_label=&#8221;Sectiune cu coloana 1 sticky&#8221; _builder_version=&#8221;4.27.4&#8243; _module_preset=&#8221;default&#8221; inner_width=&#8221;90%&#8221; custom_padding_tablet=&#8221;20px||20px|0px|true|false&#8221; custom_padding_phone=&#8221;10px||10px||true|false&#8221; sticky_position_last_edited=&#8221;off|desktop&#8221; custom_css_free_form=&#8221;.selector .col-sticky {||\tposition: sticky;||    top: 0; ||}||@media (max-width:980px) {||  .selector .col-sticky {||\t\tposition: relative;||\t}||}&#8221; collapsed=&#8221;off&#8221; global_colors_info=&#8221;{}&#8221;][et_pb_column type=&#8221;1_4&#8243; _builder_version=&#8221;4.16&#8243; custom_padding=&#8221;|||&#8221; global_colors_info=&#8221;{}&#8221; custom_padding__hover=&#8221;|||&#8221;][et_pb_post_title meta=&#8221;off&#8221; featured_image=&#8221;off&#8221; _builder_version=&#8221;4.27.4&#8243; _module_preset=&#8221;default&#8221; title_font=&#8221;|700|||||||&#8221; title_font_size=&#8221;3rem&#8221; title_font_size_tablet=&#8221;2.5rem&#8221; title_font_size_phone=&#8221;2rem&#8221; title_font_size_last_edited=&#8221;on|phone&#8221; global_colors_info=&#8221;{}&#8221;][\/et_pb_post_title][et_pb_menu menu_id=&#8221;32&#8243; active_link_color=&#8221;#FFFFFF&#8221; disabled_on=&#8221;on|on|off&#8221; admin_label=&#8221;Meniu \u2013 despre noi&#8221; _builder_version=&#8221;4.27.4&#8243; _module_preset=&#8221;default&#8221; menu_text_color=&#8221;#171F43&#8243; menu_font_size=&#8221;16px&#8221; menu_line_height=&#8221;1.2em&#8221; custom_margin=&#8221;|20px||20px|false|true&#8221; custom_css_free_form=&#8221;ul#menu-despre-noi li {||  width: 100%;||  margin: 0px;||}&#8221; custom_css_menu_link=&#8221;width:100%;||border-radius:8px;||padding:10px;||margin:0px !important;&#8221; custom_css_active_menu_link=&#8221;    background-color: #3988EA;&#8221; global_module=&#8221;987494660&#8243; global_colors_info=&#8221;{}&#8221;][\/et_pb_menu][\/et_pb_column][et_pb_column type=&#8221;3_4&#8243; specialty_columns=&#8221;3&#8243; _builder_version=&#8221;4.16&#8243; custom_padding=&#8221;|||&#8221; global_colors_info=&#8221;{}&#8221; custom_padding__hover=&#8221;|||&#8221;][et_pb_row_inner custom_padding_last_edited=&#8221;on|tablet&#8221; _builder_version=&#8221;4.27.4&#8243; _module_preset=&#8221;default&#8221; custom_margin=&#8221;||||false|false&#8221; custom_padding=&#8221;||0px||false|false&#8221; custom_padding_tablet=&#8221;0px||20px||false|false&#8221; custom_padding_phone=&#8221;0px||20px||false|false&#8221; collapsed=&#8221;off&#8221; global_colors_info=&#8221;{}&#8221;][et_pb_column_inner saved_specialty_column_type=&#8221;3_4&#8243; _builder_version=&#8221;4.27.4&#8243; _module_preset=&#8221;default&#8221; global_colors_info=&#8221;{}&#8221;][et_pb_blurb title=&#8221;Structura Consiliului Director&#8221; image_icon_width=&#8221;50px&#8221; content_max_width=&#8221;1100px&#8221; _builder_version=&#8221;4.27.4&#8243; _module_preset=&#8221;default&#8221; header_level=&#8221;h2&#8243; header_font=&#8221;|600|||||||&#8221; custom_padding=&#8221;||20px||false|false&#8221; custom_padding_tablet=&#8221;||10px||false|false&#8221; custom_padding_phone=&#8221;||10px||false|false&#8221; custom_padding_last_edited=&#8221;on|tablet&#8221; locked=&#8221;off&#8221; global_colors_info=&#8221;{}&#8221; width__hover_enabled=&#8221;off|desktop&#8221; title_font_size_tablet=&#8221;2.5rem&#8221; title_font_size_phone=&#8221;2rem&#8221; title_font_size_last_edited=&#8221;on|phone&#8221;]<\/p>\n<p>Consiliul Director este organul de conducere si administrare al Patronatului, intre sedintele Adunarii Generale si este format din\u00a0<strong>13 membri titulari<\/strong>\u00a0si\u00a0<strong>3 membri supleanti<\/strong>, alesi in mod individual, dintre reprezentantii in Adunarea Generala, de catre aceasta. Reprezentantii in Consiliul Director pot fi doar administratorii\/asociatii din societatile membre ale patronatului sau titulari de Cabinete Individuale.<\/p>\n<p><strong>Durata mandatului in Consiliul Director este de 2 ani<\/strong>, cu posibilitatea\u00a0<strong>reinnoirii mandatului<\/strong>\u00a0pentru inca o perioada de 2 ani.<\/p>\n<p>[\/et_pb_blurb][\/et_pb_column_inner][\/et_pb_row_inner][et_pb_row_inner admin_label=&#8221;obiective&#8221; _builder_version=&#8221;4.27.4&#8243; _module_preset=&#8221;default&#8221; background_color=&#8221;#3988EA&#8221; border_radii=&#8221;on|10px|10px|10px|10px&#8221; collapsed=&#8221;off&#8221; global_colors_info=&#8221;{}&#8221;][et_pb_column_inner saved_specialty_column_type=&#8221;3_4&#8243; _builder_version=&#8221;4.27.4&#8243; _module_preset=&#8221;default&#8221; global_colors_info=&#8221;{}&#8221;][et_pb_blurb title=&#8221;Organizarea si criteriile de intrunire ale Consiliului Director&#8221; use_icon=&#8221;on&#8221; font_icon=&#8221;&#xf0c0;||fa||900&#8243; icon_color=&#8221;#FFFFFF&#8221; icon_placement=&#8221;left&#8221; image_icon_width=&#8221;30px&#8221; content_max_width=&#8221;1100px&#8221; icon_placement_tablet=&#8221;left&#8221; icon_placement_phone=&#8221;top&#8221; icon_placement_last_edited=&#8221;on|phone&#8221; _builder_version=&#8221;4.27.4&#8243; _module_preset=&#8221;default&#8221; header_level=&#8221;h2&#8243; background_layout=&#8221;dark&#8221; width=&#8221;90%&#8221; module_alignment=&#8221;center&#8221; custom_padding_tablet=&#8221;|20px||20px|false|true&#8221; custom_padding_phone=&#8221;|20px||20px|false|true&#8221; custom_padding_last_edited=&#8221;on|tablet&#8221; global_colors_info=&#8221;{}&#8221;]<\/p>\n<p>Consiliul Director lucreaza in prezenta a minimum 7 dintre cei 13 membri ai sai si ia decizii cu votul pozitiv a jumatate plus unu din cei prezenti.<\/p>\n<p>Consiliul Director poate lua decizii si fara intrunire si deliberare, daca actul care se doreste sa fie adoptat este semnat de totalitatea membrilor Consiliului Director.<\/p>\n<p>Consiliul Director este condus de un Presedinte, care este si Presedintele Patronatului. Presedintele poate delega conducerea Consiliului Director unui vicepresedinte.<\/p>\n<p>[\/et_pb_blurb][\/et_pb_column_inner][\/et_pb_row_inner][et_pb_row_inner column_structure=&#8221;1_2,1_2&#8243; use_custom_gutter=&#8221;on&#8221; gutter_width=&#8221;2&#8243; make_equal=&#8221;on&#8221; admin_label=&#8221;cele 6 elemente \u2013 continut&#8221; _builder_version=&#8221;4.27.4&#8243; _module_preset=&#8221;default&#8221; custom_margin=&#8221;||||false|false&#8221; custom_padding=&#8221;||||false|false&#8221; collapsed=&#8221;off&#8221; global_colors_info=&#8221;{}&#8221;][et_pb_column_inner type=&#8221;1_2&#8243; saved_specialty_column_type=&#8221;3_4&#8243; _builder_version=&#8221;4.27.4&#8243; _module_preset=&#8221;default&#8221; global_colors_info=&#8221;{}&#8221; custom_css_main_element_last_edited=&#8221;on|tablet&#8221; custom_css_main_element_tablet=&#8221;width:50%;&#8221; custom_css_main_element_phone=&#8221;width:50%;&#8221;][et_pb_blurb title=&#8221;Presedinte: Cristian Hotoboc, Biodev Medical Center&#8221; _builder_version=&#8221;4.27.4&#8243; _module_preset=&#8221;default&#8221; header_level=&#8221;h3&#8243; header_font=&#8221;|700|||||||&#8221; header_text_color=&#8221;#000000&#8243; header_font_size=&#8221;1.1rem&#8221; global_colors_info=&#8221;{}&#8221;]<\/p>\n<ul>\n<li>Vicepresedinte: Ilarie Baila, Laboratoarele Bioclinica<\/li>\n<li>Vicepresedinte: Cristina Berteanu, Memorial Romania<\/li>\n<li>Vicepresedinte: Roman Boca, Dorna Medical<\/li>\n<li>Vicepresedinte: Florinela C\u00eerstina, Medicover<\/li>\n<li>Vicepresedinte: Ionut Leahu, Regina Maria Dental Clinics<\/li>\n<li>Vicepresedinte: R\u0103zvan Pavel, Medima Health<\/li>\n<li>Vicepresedinte: Razvan Predica, Affidea Rom\u00e2nia<\/li>\n<li>Vicepresedinte: Corina Neagu, Clinicile \u0219i Laboratoarele Sf. Maria<\/li>\n<li>Vicepresedinte: Serban Semeniuc, Regina Maria<\/li>\n<li>Vicepresedinte: Robert \u0218erban, Gral Medical<\/li>\n<\/ul>\n<p>[\/et_pb_blurb][\/et_pb_column_inner][et_pb_column_inner type=&#8221;1_2&#8243; saved_specialty_column_type=&#8221;3_4&#8243; _builder_version=&#8221;4.27.4&#8243; _module_preset=&#8221;default&#8221; global_colors_info=&#8221;{}&#8221; custom_css_main_element_last_edited=&#8221;on|tablet&#8221; custom_css_main_element_tablet=&#8221;width:50%;&#8221; custom_css_main_element_phone=&#8221;width:50%;&#8221;][et_pb_blurb _builder_version=&#8221;4.27.4&#8243; _module_preset=&#8221;default&#8221; header_level=&#8221;h3&#8243; header_font=&#8221;|700|||||||&#8221; header_text_color=&#8221;#000000&#8243; header_font_size=&#8221;1.1rem&#8221; custom_margin=&#8221;||0px||false|false&#8221; custom_padding=&#8221;||0px||false|false&#8221; global_colors_info=&#8221;{}&#8221;]<\/p>\n<ul>\n<li>Trezorier: Peter Kadar-Dombi, Prodia<\/li>\n<li>Secretar general: Alida Gogescu, Medlife Sama<\/li>\n<li>Supleant: Claudia Diaconu, Kineto Consult<\/li>\n<li>Supleant: Bogdan Pana, Ovidius Clinical Hospital<\/li>\n<li>Supleant: Fabio Razzetto, Neolife Rom\u00e2nia<\/li>\n<\/ul>\n<p>[\/et_pb_blurb][et_pb_blurb title=&#8221;Echipa&#8221; _builder_version=&#8221;4.27.4&#8243; _module_preset=&#8221;default&#8221; header_level=&#8221;h3&#8243; header_font=&#8221;|700|||||||&#8221; header_text_color=&#8221;#000000&#8243; header_font_size=&#8221;1.1rem&#8221; global_colors_info=&#8221;{}&#8221;]<\/p>\n<ul>\n<li>Partener Strategic Rela\u021bii Publice: R\u0103zvan Vulc\u0103nescu<\/li>\n<li>Director Opera\u021bional: Ioana Vasilescu<\/li>\n<li>Office Manager: Loredana C\u00eerlan<\/li>\n<\/ul>\n<p>[\/et_pb_blurb][et_pb_button button_url=&#8221;\/wp-content\/uploads\/2025\/09\/Statut-PALMED-2025_v2.pdf&#8221; url_new_window=&#8221;on&#8221; button_text=&#8221;Vezi statut&#8221; button_alignment=&#8221;right&#8221; _builder_version=&#8221;4.27.4&#8243; _module_preset=&#8221;default&#8221; custom_margin=&#8221;0px||||false|false&#8221; custom_padding=&#8221;||||false|false&#8221; hover_enabled=&#8221;0&#8243; global_colors_info=&#8221;{}&#8221; sticky_enabled=&#8221;0&#8243;][\/et_pb_button][\/et_pb_column_inner][\/et_pb_row_inner][\/et_pb_column][\/et_pb_section]<\/p>\n","protected":false},"excerpt":{"rendered":"<p>Consiliul Director este organul de conducere si administrare al Patronatului, intre sedintele Adunarii Generale si este format din\u00a013 membri titulari\u00a0si\u00a03 membri supleanti, alesi in mod individual, dintre reprezentantii in Adunarea Generala, de catre aceasta. Reprezentantii in Consiliul Director pot fi doar administratorii\/asociatii din societatile membre ale patronatului sau titulari de Cabinete Individuale. Durata mandatului in [&hellip;]<\/p>\n","protected":false},"author":1,"featured_media":0,"parent":460,"menu_order":0,"comment_status":"closed","ping_status":"closed","template":"","meta":{"_acf_changed":false,"_et_pb_use_builder":"on","_et_pb_old_content":"","_et_gb_content_width":"","footnotes":""},"class_list":["post-987494587","page","type-page","status-publish","hentry"],"acf":[],"yoast_head":"<!-- This site is optimized with the Yoast SEO plugin v27.3 - https:\/\/yoast.com\/product\/yoast-seo-wordpress\/ -->\n<title>Consiliu Director si Echipa - PALMED - Patronatul Furnizorilor de Servicii Medicale Private din Rom\u00e2nia<\/title>\n<meta name=\"description\" content=\"Structura Consiliului Director PALMED - este organul de conducere si administrare al Patronatului, intre sedintele Adunarii Generale si este format din 13 membri titulari si 3 membri supleanti\" \/>\n<meta name=\"robots\" content=\"index, follow, max-snippet:-1, max-image-preview:large, max-video-preview:-1\" \/>\n<link rel=\"canonical\" href=\"https:\/\/www.palmedromhealth.com\/ro\/despre-noi\/consiliu-director-si-echipa\/\" \/>\n<meta property=\"og:locale\" content=\"ro_RO\" \/>\n<meta property=\"og:type\" content=\"article\" \/>\n<meta property=\"og:title\" content=\"Consiliu Director si Echipa - PALMED - Patronatul Furnizorilor de Servicii Medicale Private din Rom\u00e2nia\" \/>\n<meta property=\"og:description\" content=\"Structura Consiliului Director PALMED - este organul de conducere si administrare al Patronatului, intre sedintele Adunarii Generale si este format din 13 membri titulari si 3 membri supleanti\" \/>\n<meta property=\"og:site_name\" content=\"PALMED - Patronatul Furnizorilor de Servicii Medicale Private din Rom\u00e2nia\" \/>\n<meta property=\"article:publisher\" content=\"https:\/\/www.facebook.com\/PALMED\/\" \/>\n<meta property=\"article:modified_time\" content=\"2025-09-30T10:58:49+00:00\" \/>\n<meta name=\"twitter:card\" content=\"summary_large_image\" \/>\n<meta name=\"twitter:label1\" content=\"Timp estimat pentru citire\" \/>\n\t<meta name=\"twitter:data1\" content=\"2 minute\" \/>\n<script type=\"application\/ld+json\" class=\"yoast-schema-graph\">{\"@context\":\"https:\\\/\\\/schema.org\",\"@graph\":[{\"@type\":\"WebPage\",\"@id\":\"https:\\\/\\\/www.palmedromhealth.com\\\/ro\\\/despre-noi\\\/consiliu-director-si-echipa\\\/\",\"url\":\"https:\\\/\\\/www.palmedromhealth.com\\\/ro\\\/despre-noi\\\/consiliu-director-si-echipa\\\/\",\"name\":\"Consiliu Director si Echipa - PALMED - Patronatul Furnizorilor de Servicii Medicale Private din Rom\u00e2nia\",\"isPartOf\":{\"@id\":\"https:\\\/\\\/www.palmedromhealth.com\\\/ro\\\/#website\"},\"datePublished\":\"2025-03-24T11:59:52+00:00\",\"dateModified\":\"2025-09-30T10:58:49+00:00\",\"description\":\"Structura Consiliului Director PALMED - este organul de conducere si administrare al Patronatului, intre sedintele Adunarii Generale si este format din 13 membri titulari si 3 membri supleanti\",\"breadcrumb\":{\"@id\":\"https:\\\/\\\/www.palmedromhealth.com\\\/ro\\\/despre-noi\\\/consiliu-director-si-echipa\\\/#breadcrumb\"},\"inLanguage\":\"ro-RO\",\"potentialAction\":[{\"@type\":\"ReadAction\",\"target\":[\"https:\\\/\\\/www.palmedromhealth.com\\\/ro\\\/despre-noi\\\/consiliu-director-si-echipa\\\/\"]}]},{\"@type\":\"BreadcrumbList\",\"@id\":\"https:\\\/\\\/www.palmedromhealth.com\\\/ro\\\/despre-noi\\\/consiliu-director-si-echipa\\\/#breadcrumb\",\"itemListElement\":[{\"@type\":\"ListItem\",\"position\":1,\"name\":\"Despre noi\",\"item\":\"https:\\\/\\\/www.palmedromhealth.com\\\/ro\\\/despre-noi\\\/\"},{\"@type\":\"ListItem\",\"position\":2,\"name\":\"Consiliu Director si Echipa\"}]},{\"@type\":\"WebSite\",\"@id\":\"https:\\\/\\\/www.palmedromhealth.com\\\/ro\\\/#website\",\"url\":\"https:\\\/\\\/www.palmedromhealth.com\\\/ro\\\/\",\"name\":\"PALMED - Patronatul Furnizorilor de Servicii Medicale Private din Rom\u00e2nia\",\"description\":\"\u00cempreun\u0103 pentru un sistem medical mai puternic.\",\"publisher\":{\"@id\":\"https:\\\/\\\/www.palmedromhealth.com\\\/ro\\\/#organization\"},\"potentialAction\":[{\"@type\":\"SearchAction\",\"target\":{\"@type\":\"EntryPoint\",\"urlTemplate\":\"https:\\\/\\\/www.palmedromhealth.com\\\/ro\\\/?s={search_term_string}\"},\"query-input\":{\"@type\":\"PropertyValueSpecification\",\"valueRequired\":true,\"valueName\":\"search_term_string\"}}],\"inLanguage\":\"ro-RO\"},{\"@type\":\"Organization\",\"@id\":\"https:\\\/\\\/www.palmedromhealth.com\\\/ro\\\/#organization\",\"name\":\"PALMED - Patronatul Furnizorilor de Servicii Medicale Private din Rom\u00e2nia\",\"url\":\"https:\\\/\\\/www.palmedromhealth.com\\\/ro\\\/\",\"logo\":{\"@type\":\"ImageObject\",\"inLanguage\":\"ro-RO\",\"@id\":\"https:\\\/\\\/www.palmedromhealth.com\\\/ro\\\/#\\\/schema\\\/logo\\\/image\\\/\",\"url\":\"https:\\\/\\\/www.palmedromhealth.com\\\/wp-content\\\/uploads\\\/2025\\\/04\\\/palmed-logo-proposal.png\",\"contentUrl\":\"https:\\\/\\\/www.palmedromhealth.com\\\/wp-content\\\/uploads\\\/2025\\\/04\\\/palmed-logo-proposal.png\",\"width\":2460,\"height\":698,\"caption\":\"PALMED - Patronatul Furnizorilor de Servicii Medicale Private din Rom\u00e2nia\"},\"image\":{\"@id\":\"https:\\\/\\\/www.palmedromhealth.com\\\/ro\\\/#\\\/schema\\\/logo\\\/image\\\/\"},\"sameAs\":[\"https:\\\/\\\/www.facebook.com\\\/PALMED\\\/\",\"https:\\\/\\\/www.linkedin.com\\\/company\\\/palmed-patronatul-furnizorilor-de-servicii-medicale-private\\\/\"]}]}<\/script>\n<!-- \/ Yoast SEO plugin. -->","yoast_head_json":{"title":"Consiliu Director si Echipa - PALMED - Patronatul Furnizorilor de Servicii Medicale Private din Rom\u00e2nia","description":"Structura Consiliului Director PALMED - este organul de conducere si administrare al Patronatului, intre sedintele Adunarii Generale si este format din 13 membri titulari si 3 membri supleanti","robots":{"index":"index","follow":"follow","max-snippet":"max-snippet:-1","max-image-preview":"max-image-preview:large","max-video-preview":"max-video-preview:-1"},"canonical":"https:\/\/www.palmedromhealth.com\/ro\/despre-noi\/consiliu-director-si-echipa\/","og_locale":"ro_RO","og_type":"article","og_title":"Consiliu Director si Echipa - PALMED - Patronatul Furnizorilor de Servicii Medicale Private din Rom\u00e2nia","og_description":"Structura Consiliului Director PALMED - este organul de conducere si administrare al Patronatului, intre sedintele Adunarii Generale si este format din 13 membri titulari si 3 membri supleanti","og_site_name":"PALMED - Patronatul Furnizorilor de Servicii Medicale Private din Rom\u00e2nia","article_publisher":"https:\/\/www.facebook.com\/PALMED\/","article_modified_time":"2025-09-30T10:58:49+00:00","twitter_card":"summary_large_image","twitter_misc":{"Timp estimat pentru citire":"2 minute"},"schema":{"@context":"https:\/\/schema.org","@graph":[{"@type":"WebPage","@id":"https:\/\/www.palmedromhealth.com\/ro\/despre-noi\/consiliu-director-si-echipa\/","url":"https:\/\/www.palmedromhealth.com\/ro\/despre-noi\/consiliu-director-si-echipa\/","name":"Consiliu Director si Echipa - PALMED - Patronatul Furnizorilor de Servicii Medicale Private din Rom\u00e2nia","isPartOf":{"@id":"https:\/\/www.palmedromhealth.com\/ro\/#website"},"datePublished":"2025-03-24T11:59:52+00:00","dateModified":"2025-09-30T10:58:49+00:00","description":"Structura Consiliului Director PALMED - este organul de conducere si administrare al Patronatului, intre sedintele Adunarii Generale si este format din 13 membri titulari si 3 membri supleanti","breadcrumb":{"@id":"https:\/\/www.palmedromhealth.com\/ro\/despre-noi\/consiliu-director-si-echipa\/#breadcrumb"},"inLanguage":"ro-RO","potentialAction":[{"@type":"ReadAction","target":["https:\/\/www.palmedromhealth.com\/ro\/despre-noi\/consiliu-director-si-echipa\/"]}]},{"@type":"BreadcrumbList","@id":"https:\/\/www.palmedromhealth.com\/ro\/despre-noi\/consiliu-director-si-echipa\/#breadcrumb","itemListElement":[{"@type":"ListItem","position":1,"name":"Despre noi","item":"https:\/\/www.palmedromhealth.com\/ro\/despre-noi\/"},{"@type":"ListItem","position":2,"name":"Consiliu Director si Echipa"}]},{"@type":"WebSite","@id":"https:\/\/www.palmedromhealth.com\/ro\/#website","url":"https:\/\/www.palmedromhealth.com\/ro\/","name":"PALMED - Patronatul Furnizorilor de Servicii Medicale Private din Rom\u00e2nia","description":"\u00cempreun\u0103 pentru un sistem medical mai puternic.","publisher":{"@id":"https:\/\/www.palmedromhealth.com\/ro\/#organization"},"potentialAction":[{"@type":"SearchAction","target":{"@type":"EntryPoint","urlTemplate":"https:\/\/www.palmedromhealth.com\/ro\/?s={search_term_string}"},"query-input":{"@type":"PropertyValueSpecification","valueRequired":true,"valueName":"search_term_string"}}],"inLanguage":"ro-RO"},{"@type":"Organization","@id":"https:\/\/www.palmedromhealth.com\/ro\/#organization","name":"PALMED - Patronatul Furnizorilor de Servicii Medicale Private din Rom\u00e2nia","url":"https:\/\/www.palmedromhealth.com\/ro\/","logo":{"@type":"ImageObject","inLanguage":"ro-RO","@id":"https:\/\/www.palmedromhealth.com\/ro\/#\/schema\/logo\/image\/","url":"https:\/\/www.palmedromhealth.com\/wp-content\/uploads\/2025\/04\/palmed-logo-proposal.png","contentUrl":"https:\/\/www.palmedromhealth.com\/wp-content\/uploads\/2025\/04\/palmed-logo-proposal.png","width":2460,"height":698,"caption":"PALMED - Patronatul Furnizorilor de Servicii Medicale Private din Rom\u00e2nia"},"image":{"@id":"https:\/\/www.palmedromhealth.com\/ro\/#\/schema\/logo\/image\/"},"sameAs":["https:\/\/www.facebook.com\/PALMED\/","https:\/\/www.linkedin.com\/company\/palmed-patronatul-furnizorilor-de-servicii-medicale-private\/"]}]}},"_links":{"self":[{"href":"https:\/\/www.palmedromhealth.com\/ro\/wp-json\/wp\/v2\/pages\/987494587","targetHints":{"allow":["GET"]}}],"collection":[{"href":"https:\/\/www.palmedromhealth.com\/ro\/wp-json\/wp\/v2\/pages"}],"about":[{"href":"https:\/\/www.palmedromhealth.com\/ro\/wp-json\/wp\/v2\/types\/page"}],"author":[{"embeddable":true,"href":"https:\/\/www.palmedromhealth.com\/ro\/wp-json\/wp\/v2\/users\/1"}],"replies":[{"embeddable":true,"href":"https:\/\/www.palmedromhealth.com\/ro\/wp-json\/wp\/v2\/comments?post=987494587"}],"version-history":[{"count":14,"href":"https:\/\/www.palmedromhealth.com\/ro\/wp-json\/wp\/v2\/pages\/987494587\/revisions"}],"predecessor-version":[{"id":987500689,"href":"https:\/\/www.palmedromhealth.com\/ro\/wp-json\/wp\/v2\/pages\/987494587\/revisions\/987500689"}],"up":[{"embeddable":true,"href":"https:\/\/www.palmedromhealth.com\/ro\/wp-json\/wp\/v2\/pages\/460"}],"wp:attachment":[{"href":"https:\/\/www.palmedromhealth.com\/ro\/wp-json\/wp\/v2\/media?parent=987494587"}],"curies":[{"name":"wp","href":"https:\/\/api.w.org\/{rel}","templated":true}]}}