{"id":470,"date":"2025-03-12T12:42:03","date_gmt":"2025-03-12T10:42:03","guid":{"rendered":"https:\/\/www.palmedromhealth.com\/?page_id=470"},"modified":"2026-04-02T10:41:27","modified_gmt":"2026-04-02T07:41:27","slug":"contact","status":"publish","type":"page","link":"https:\/\/www.palmedromhealth.com\/ro\/contact\/","title":{"rendered":"Contact"},"content":{"rendered":"<p>[et_pb_section fb_built=&#8221;1&#8243; custom_padding_last_edited=&#8221;on|phone&#8221; admin_label=&#8221;Contact&#8221; _builder_version=&#8221;4.27.4&#8243; _module_preset=&#8221;_initial&#8221; background_enable_color=&#8221;off&#8221; custom_padding=&#8221;0px||0px||true|false&#8221; custom_padding_tablet=&#8221;0px||0px||true|false&#8221; custom_padding_phone=&#8221;20px||20px||true|false&#8221; locked=&#8221;off&#8221; global_colors_info=&#8221;{%22gcid-b6c4f12c-f25d-4f61-9fb1-6e96404634cd%22:%91%22background_color%22%93}&#8221;][et_pb_row custom_padding_last_edited=&#8221;on|phone&#8221; _builder_version=&#8221;4.27.4&#8243; _module_preset=&#8221;_initial&#8221; custom_padding_tablet=&#8221;20px||0px||false|false&#8221; custom_padding_phone=&#8221;0px||||false|false&#8221; global_colors_info=&#8221;{}&#8221;][et_pb_column type=&#8221;4_4&#8243; _builder_version=&#8221;4.25.2&#8243; _module_preset=&#8221;_initial&#8221; global_colors_info=&#8221;{}&#8221;][et_pb_post_title meta=&#8221;off&#8221; featured_image=&#8221;off&#8221; _builder_version=&#8221;4.27.4&#8243; _module_preset=&#8221;default&#8221; title_font=&#8221;|700|||||||&#8221; title_font_size=&#8221;3rem&#8221; title_font_size_tablet=&#8221;2.5rem&#8221; title_font_size_phone=&#8221;2rem&#8221; title_font_size_last_edited=&#8221;on|phone&#8221; locked=&#8221;off&#8221; global_colors_info=&#8221;{}&#8221;][\/et_pb_post_title][\/et_pb_column][\/et_pb_row][et_pb_row column_structure=&#8221;1_2,1_2&#8243; use_custom_gutter=&#8221;on&#8221; gutter_width=&#8221;2&#8243; custom_padding_last_edited=&#8221;on|tablet&#8221; _builder_version=&#8221;4.27.4&#8243; _module_preset=&#8221;_initial&#8221; custom_margin_tablet=&#8221;||||false|false&#8221; custom_margin_phone=&#8221;||||false|false&#8221; custom_margin_last_edited=&#8221;on|tablet&#8221; custom_padding_tablet=&#8221;0px||0px||true|false&#8221; custom_padding_phone=&#8221;0px||0px||true|false&#8221; global_colors_info=&#8221;{}&#8221;][et_pb_column type=&#8221;1_2&#8243; _builder_version=&#8221;4.25.2&#8243; _module_preset=&#8221;_initial&#8221; global_colors_info=&#8221;{}&#8221;][et_pb_text quote_border_color=&#8221;#15c586&#8243; _builder_version=&#8221;4.27.4&#8243; _module_preset=&#8221;_initial&#8221; text_font=&#8221;Inter||||||||&#8221; text_line_height=&#8221;180%&#8221; link_text_color=&#8221;#15c586&#8243; ul_line_height=&#8221;1.8em&#8221; ol_line_height=&#8221;1.8em&#8221; quote_text_color=&#8221;#15c586&#8243; header_font_size=&#8221;90px&#8221; header_line_height=&#8221;110%&#8221; header_2_line_height=&#8221;120%&#8221; header_3_font_size=&#8221;42px&#8221; header_3_line_height=&#8221;120%&#8221; header_4_font_size=&#8221;32px&#8221; header_4_line_height=&#8221;130%&#8221; header_5_font_size=&#8221;23px&#8221; header_5_line_height=&#8221;140%&#8221; header_6_font_size=&#8221;16px&#8221; header_6_line_height=&#8221;140%&#8221; text_font_size_tablet=&#8221;15px&#8221; text_font_size_phone=&#8221;14px&#8221; text_font_size_last_edited=&#8221;on|desktop&#8221; header_font_size_tablet=&#8221;40px&#8221; header_font_size_phone=&#8221;24px&#8221; header_font_size_last_edited=&#8221;on|tablet&#8221; header_2_font_size_tablet=&#8221;28px&#8221; header_2_font_size_phone=&#8221;20px&#8221; header_2_font_size_last_edited=&#8221;on|phone&#8221; header_3_font_size_tablet=&#8221;22px&#8221; header_3_font_size_phone=&#8221;17px&#8221; header_3_font_size_last_edited=&#8221;on|phone&#8221; header_4_font_size_tablet=&#8221;18px&#8221; header_4_font_size_phone=&#8221;15px&#8221; header_4_font_size_last_edited=&#8221;on|tablet&#8221; header_5_font_size_tablet=&#8221;15px&#8221; header_5_font_size_phone=&#8221;14px&#8221; header_5_font_size_last_edited=&#8221;on|tablet&#8221; header_6_font_size_tablet=&#8221;13px&#8221; header_6_font_size_phone=&#8221;&#8221; header_6_font_size_last_edited=&#8221;on|desktop&#8221; global_colors_info=&#8221;{}&#8221;]<\/p>\n<p><strong>Dac\u0103 lipsa stabilit\u0103\u021bii \u0219i predictibilit\u0103\u021bii \u00een domeniu v\u0103 genereaz\u0103 disfunc\u021bionalit\u0103\u021bi \u00een activit\u0103\u021bile desf\u0103\u0219urate, pune\u021bi-v\u0103 urm\u0103toarele \u00eentreb\u0103ri \u0219i decide\u021bi dac\u0103 vre\u021bi s\u0103 v\u0103 implica\u021bi ca parte activ\u0103 \u00een dezvoltarea sistemului de s\u0103n\u0103tate:<\/strong><\/p>\n<ul>\n<li>Dori\u021bi s\u0103 ave\u021bi acces la programe de formare profesional\u0103 gratuit\u0103 pentru angaja\u021bii dumneavoastr\u0103?<\/li>\n<li>Dori\u021bi s\u0103 ave\u021bi un dialog cu autorit\u0103\u021bile publice, cu organismele profesionale \u0219i cu reprezentan\u021bi din sfera medical\u0103?<\/li>\n<li>Dori\u021bi s\u0103 dezvolta\u021bi noi oportunit\u0103\u021bi de afaceri \u0219i s\u0103 v\u0103 l\u0103rgi\u021bi re\u021beaua de contacte particip\u00e2nd sau fiind reprezentat la evenimente regionale, na\u021bionale sau interna\u021bionale?<\/li>\n<li>Dori\u021bi s\u0103 contribui\u021bi prin participarea la grupurile tematice venind cu propuneri de \u00eembun\u0103t\u0103\u021bire a cadrului legislativ de profil? Dori\u021bi s\u0103 ave\u021bi acces la informa\u021bii de actualitate cu impact direct asupra activit\u0103\u021bii desf\u0103\u0219urate?<\/li>\n<li>Dori\u021bi s\u0103 face\u021bi parte dintr-o comunitate dinamic\u0103, \u00een continu\u0103 dezvoltare \u0219i s\u0103 fii al\u0103turi de cei mai importan\u021bi actori din sistemul medical?<\/li>\n<li>Dori\u021bi s\u0103 fi\u021bi reprezentat la cel mai \u00eenalt nivel \u00een fa\u021ba tuturor autorit\u0103\u021bilor legiferatoare de profil din Romania?<\/li>\n<li>Dori\u021bi ca vocea \u0219i provoc\u0103rile cu care v\u0103 confrunta\u021bi \u00een desf\u0103\u0219urarea activit\u0103\u021bii s\u0103 fie auzite?<\/li>\n<\/ul>\n<p>Deveni\u021bi membru \u00eentr-o comunitate de afaceri cu peste 18 ani de tradi\u021bie \u00een Rom\u00e2nia, compus\u0103 dintr-o vast\u0103 re\u021bea cu acoperire na\u021bional\u0103 de furnizori de servicii medicale, ce activeaz\u0103 ca membri cu drepturi depline \u00een cele mai reprezentative organisme profesionale de la nivel european \u0219i na\u021bional, precum Uniunea European\u0103 a Spitalelor Private sau Consiliul Na\u021bional al \u00centreprinderilor Mici \u0219i Mijlocii din Rom\u00e2nia, av\u00e2nd parteneriate strategice cu institu\u021biile publice \u0219i organiza\u021biile de profil.&#8221;<\/p>\n<p>[\/et_pb_text][\/et_pb_column][et_pb_column type=&#8221;1_2&#8243; _builder_version=&#8221;4.25.2&#8243; _module_preset=&#8221;_initial&#8221; background_color=&#8221;#f4f4f4&#8243; custom_padding=&#8221;30px|30px|30px|30px|true|true&#8221; custom_padding_tablet=&#8221;&#8221; custom_padding_phone=&#8221;20px|20px|20px|20px|true|true&#8221; custom_padding_last_edited=&#8221;on|phone&#8221; global_colors_info=&#8221;{}&#8221;][et_pb_blurb title=&#8221;Suna&#8221; use_icon=&#8221;on&#8221; font_icon=&#8221;&#xf3cd;||fa||900&#8243; icon_color=&#8221;#262626&#8243; icon_placement=&#8221;left&#8221; image_icon_width=&#8221;20px&#8221; content_max_width_tablet=&#8221;&#8221; content_max_width_phone=&#8221;&#8221; content_max_width_last_edited=&#8221;on|tablet&#8221; module_class=&#8221;date-contact&#8221; _builder_version=&#8221;4.27.4&#8243; _module_preset=&#8221;default&#8221; header_level=&#8221;h2&#8243; header_font=&#8221;\u2013et_global_body_font|600|||||||&#8221; header_font_size=&#8221;14px&#8221; body_font_size=&#8221;13px&#8221; body_line_height=&#8221;1.2em&#8221; body_link_text_color=&#8221;#262626&#8243; body_link_font_size=&#8221;13px&#8221; image_icon_custom_margin=&#8221;|0px|||false|false&#8221; image_icon_custom_padding=&#8221;|0px|||false|false&#8221; max_width_tablet=&#8221;&#8221; max_width_phone=&#8221;&#8221; max_width_last_edited=&#8221;on|desktop&#8221; custom_margin_tablet=&#8221;&#8221; custom_margin_phone=&#8221;||10px||false|false&#8221; custom_margin_last_edited=&#8221;on|phone&#8221; custom_css_blurb_content=&#8221;margin-left:0px;||padding-left:0px;&#8221; global_colors_info=&#8221;{}&#8221; custom_css_main_element_last_edited=&#8221;off|desktop&#8221; custom_css_main_element_phone=&#8221;width:100%;&#8221;]<\/p>\n<p><a href=\"tel:+40734000220\">(+40) 734.000.220<\/a><\/p>\n<p>[\/et_pb_blurb][et_pb_blurb title=&#8221;Trimite un mesaj&#8221; use_icon=&#8221;on&#8221; font_icon=&#8221;&#xf0e0;||fa||400&#8243; icon_color=&#8221;#262626&#8243; icon_placement=&#8221;left&#8221; image_icon_width=&#8221;20px&#8221; module_class=&#8221;date-contact&#8221; _builder_version=&#8221;4.27.4&#8243; _module_preset=&#8221;default&#8221; header_level=&#8221;h2&#8243; header_font=&#8221;\u2013et_global_body_font|600|||||||&#8221; header_font_size=&#8221;14px&#8221; body_font_size=&#8221;13px&#8221; body_line_height=&#8221;1.2em&#8221; body_link_text_color=&#8221;#262626&#8243; body_link_font_size=&#8221;13px&#8221; image_icon_custom_margin=&#8221;|0px|||false|false&#8221; image_icon_custom_padding=&#8221;|0px|||false|false&#8221; custom_margin_tablet=&#8221;&#8221; custom_margin_phone=&#8221;||10px||false|false&#8221; custom_margin_last_edited=&#8221;on|phone&#8221; custom_css_blurb_content=&#8221;margin-left:0px;||padding-left:0px;&#8221; global_colors_info=&#8221;{}&#8221; custom_css_main_element_last_edited=&#8221;off|tablet&#8221; custom_css_main_element_phone=&#8221;width:100%;&#8221;]<\/p>\n<p><a href=\"mailto:office@palmed.org.ro\">office@palmed.org.ro<\/a><\/p>\n<p>[\/et_pb_blurb][et_pb_blurb title=&#8221;Sediu&#8221; use_icon=&#8221;on&#8221; font_icon=&#8221;&#xe01d;||divi||400&#8243; icon_color=&#8221;#262626&#8243; icon_placement=&#8221;left&#8221; image_icon_width=&#8221;20px&#8221; module_class=&#8221;date-contact&#8221; _builder_version=&#8221;4.27.4&#8243; _module_preset=&#8221;default&#8221; header_level=&#8221;h2&#8243; header_font=&#8221;\u2013et_global_body_font|600|||||||&#8221; header_font_size=&#8221;14px&#8221; body_font_size=&#8221;13px&#8221; body_line_height=&#8221;1.2em&#8221; body_link_text_color=&#8221;#262626&#8243; body_link_font_size=&#8221;13px&#8221; image_icon_custom_margin=&#8221;|0px|||false|false&#8221; image_icon_custom_padding=&#8221;|0px|||false|false&#8221; custom_margin_tablet=&#8221;&#8221; custom_margin_phone=&#8221;||10px||false|false&#8221; custom_margin_last_edited=&#8221;on|phone&#8221; custom_css_blurb_content=&#8221;margin-left:0px;||padding-left:0px;&#8221; global_colors_info=&#8221;{}&#8221; custom_css_main_element_last_edited=&#8221;off|desktop&#8221; custom_css_main_element_phone=&#8221;width:100%;&#8221;]<\/p>\n<p>Intrarea \u021aintea, nr. 6,<br \/>cod po\u0219tal 014276<br \/>Sector 1, Bucuresti, Romania<\/p>\n<p>[\/et_pb_blurb][\/et_pb_column][\/et_pb_row][et_pb_row _builder_version=&#8221;4.27.4&#8243; _module_preset=&#8221;default&#8221; global_colors_info=&#8221;{}&#8221;][et_pb_column type=&#8221;4_4&#8243; _builder_version=&#8221;4.27.4&#8243; _module_preset=&#8221;default&#8221; global_colors_info=&#8221;{}&#8221;][et_pb_code _builder_version=&#8221;4.27.4&#8243; _module_preset=&#8221;default&#8221; global_colors_info=&#8221;{}&#8221;]<iframe src=\"https:\/\/www.google.com\/maps\/embed?pb=!1m14!1m8!1m3!1d16107.347281464128!2d26.042504121219483!3d44.46589877426184!3m2!1i1024!2i768!4f13.1!3m3!1m2!1s0x40b2030b8a6bd349%3A0x445134fd05671bb6!2sPALMED%20-%20Patronatul%20Furnizorilor%20de%20Servicii%20Medicale%20Private!5e0!3m2!1sen!2sus!4v1742838373871!5m2!1sen!2sus\" width=\"100%\" height=\"450\" style=\"border:0;\" allowfullscreen=\"\" loading=\"lazy\" referrerpolicy=\"no-referrer-when-downgrade\"><\/iframe>[\/et_pb_code][\/et_pb_column][\/et_pb_row][\/et_pb_section]<\/p>\n","protected":false},"excerpt":{"rendered":"<p>Dac\u0103 lipsa stabilit\u0103\u021bii \u0219i predictibilit\u0103\u021bii \u00een domeniu v\u0103 genereaz\u0103 disfunc\u021bionalit\u0103\u021bi \u00een activit\u0103\u021bile desf\u0103\u0219urate, pune\u021bi-v\u0103 urm\u0103toarele \u00eentreb\u0103ri \u0219i decide\u021bi dac\u0103 vre\u021bi s\u0103 v\u0103 implica\u021bi ca parte activ\u0103 \u00een dezvoltarea sistemului de s\u0103n\u0103tate: Dori\u021bi s\u0103 ave\u021bi acces la programe de formare profesional\u0103 gratuit\u0103 pentru angaja\u021bii dumneavoastr\u0103? Dori\u021bi s\u0103 ave\u021bi un dialog cu autorit\u0103\u021bile publice, cu organismele profesionale [&hellip;]<\/p>\n","protected":false},"author":1,"featured_media":0,"parent":0,"menu_order":0,"comment_status":"closed","ping_status":"closed","template":"","meta":{"_acf_changed":false,"_et_pb_use_builder":"on","_et_pb_old_content":"","_et_gb_content_width":"","footnotes":""},"class_list":["post-470","page","type-page","status-publish","hentry"],"acf":[],"yoast_head":"<!-- This site is optimized with the Yoast SEO plugin v27.3 - https:\/\/yoast.com\/product\/yoast-seo-wordpress\/ -->\n<title>Contact - PALMED - Patronatul Furnizorilor de Servicii Medicale Private din Rom\u00e2nia<\/title>\n<meta name=\"robots\" content=\"index, follow, max-snippet:-1, max-image-preview:large, max-video-preview:-1\" \/>\n<link rel=\"canonical\" href=\"https:\/\/www.palmedromhealth.com\/ro\/contact\/\" \/>\n<meta property=\"og:locale\" content=\"ro_RO\" \/>\n<meta property=\"og:type\" content=\"article\" \/>\n<meta property=\"og:title\" content=\"Contact - PALMED - Patronatul Furnizorilor de Servicii Medicale Private din Rom\u00e2nia\" \/>\n<meta property=\"og:description\" content=\"Dac\u0103 lipsa stabilit\u0103\u021bii \u0219i predictibilit\u0103\u021bii \u00een domeniu v\u0103 genereaz\u0103 disfunc\u021bionalit\u0103\u021bi \u00een activit\u0103\u021bile desf\u0103\u0219urate, pune\u021bi-v\u0103 urm\u0103toarele \u00eentreb\u0103ri \u0219i decide\u021bi dac\u0103 vre\u021bi s\u0103 v\u0103 implica\u021bi ca parte activ\u0103 \u00een dezvoltarea sistemului de s\u0103n\u0103tate: Dori\u021bi s\u0103 ave\u021bi acces la programe de formare profesional\u0103 gratuit\u0103 pentru angaja\u021bii dumneavoastr\u0103? Dori\u021bi s\u0103 ave\u021bi un dialog cu autorit\u0103\u021bile publice, cu organismele profesionale [&hellip;]\" \/>\n<meta property=\"og:site_name\" content=\"PALMED - Patronatul Furnizorilor de Servicii Medicale Private din Rom\u00e2nia\" \/>\n<meta property=\"article:publisher\" content=\"https:\/\/www.facebook.com\/PALMED\/\" \/>\n<meta property=\"article:modified_time\" content=\"2026-04-02T07:41:27+00:00\" \/>\n<meta name=\"twitter:card\" content=\"summary_large_image\" \/>\n<meta name=\"twitter:label1\" content=\"Timp estimat pentru citire\" \/>\n\t<meta name=\"twitter:data1\" content=\"2 minute\" \/>\n<script type=\"application\/ld+json\" class=\"yoast-schema-graph\">{\"@context\":\"https:\\\/\\\/schema.org\",\"@graph\":[{\"@type\":\"WebPage\",\"@id\":\"https:\\\/\\\/www.palmedromhealth.com\\\/ro\\\/contact\\\/\",\"url\":\"https:\\\/\\\/www.palmedromhealth.com\\\/ro\\\/contact\\\/\",\"name\":\"Contact - PALMED - Patronatul Furnizorilor de Servicii Medicale Private din Rom\u00e2nia\",\"isPartOf\":{\"@id\":\"https:\\\/\\\/www.palmedromhealth.com\\\/ro\\\/#website\"},\"datePublished\":\"2025-03-12T10:42:03+00:00\",\"dateModified\":\"2026-04-02T07:41:27+00:00\",\"inLanguage\":\"ro-RO\",\"potentialAction\":[{\"@type\":\"ReadAction\",\"target\":[\"https:\\\/\\\/www.palmedromhealth.com\\\/ro\\\/contact\\\/\"]}]},{\"@type\":\"WebSite\",\"@id\":\"https:\\\/\\\/www.palmedromhealth.com\\\/ro\\\/#website\",\"url\":\"https:\\\/\\\/www.palmedromhealth.com\\\/ro\\\/\",\"name\":\"PALMED - Patronatul Furnizorilor de Servicii Medicale Private din Rom\u00e2nia\",\"description\":\"\u00cempreun\u0103 pentru un sistem medical mai puternic.\",\"publisher\":{\"@id\":\"https:\\\/\\\/www.palmedromhealth.com\\\/ro\\\/#organization\"},\"potentialAction\":[{\"@type\":\"SearchAction\",\"target\":{\"@type\":\"EntryPoint\",\"urlTemplate\":\"https:\\\/\\\/www.palmedromhealth.com\\\/ro\\\/?s={search_term_string}\"},\"query-input\":{\"@type\":\"PropertyValueSpecification\",\"valueRequired\":true,\"valueName\":\"search_term_string\"}}],\"inLanguage\":\"ro-RO\"},{\"@type\":\"Organization\",\"@id\":\"https:\\\/\\\/www.palmedromhealth.com\\\/ro\\\/#organization\",\"name\":\"PALMED - Patronatul Furnizorilor de Servicii Medicale Private din Rom\u00e2nia\",\"url\":\"https:\\\/\\\/www.palmedromhealth.com\\\/ro\\\/\",\"logo\":{\"@type\":\"ImageObject\",\"inLanguage\":\"ro-RO\",\"@id\":\"https:\\\/\\\/www.palmedromhealth.com\\\/ro\\\/#\\\/schema\\\/logo\\\/image\\\/\",\"url\":\"https:\\\/\\\/www.palmedromhealth.com\\\/wp-content\\\/uploads\\\/2025\\\/04\\\/palmed-logo-proposal.png\",\"contentUrl\":\"https:\\\/\\\/www.palmedromhealth.com\\\/wp-content\\\/uploads\\\/2025\\\/04\\\/palmed-logo-proposal.png\",\"width\":2460,\"height\":698,\"caption\":\"PALMED - Patronatul Furnizorilor de Servicii Medicale Private din Rom\u00e2nia\"},\"image\":{\"@id\":\"https:\\\/\\\/www.palmedromhealth.com\\\/ro\\\/#\\\/schema\\\/logo\\\/image\\\/\"},\"sameAs\":[\"https:\\\/\\\/www.facebook.com\\\/PALMED\\\/\",\"https:\\\/\\\/www.linkedin.com\\\/company\\\/palmed-patronatul-furnizorilor-de-servicii-medicale-private\\\/\"]}]}<\/script>\n<!-- \/ Yoast SEO plugin. -->","yoast_head_json":{"title":"Contact - PALMED - Patronatul Furnizorilor de Servicii Medicale Private din Rom\u00e2nia","robots":{"index":"index","follow":"follow","max-snippet":"max-snippet:-1","max-image-preview":"max-image-preview:large","max-video-preview":"max-video-preview:-1"},"canonical":"https:\/\/www.palmedromhealth.com\/ro\/contact\/","og_locale":"ro_RO","og_type":"article","og_title":"Contact - PALMED - Patronatul Furnizorilor de Servicii Medicale Private din Rom\u00e2nia","og_site_name":"PALMED - Patronatul Furnizorilor de Servicii Medicale Private din Rom\u00e2nia","article_publisher":"https:\/\/www.facebook.com\/PALMED\/","article_modified_time":"2026-04-02T07:41:27+00:00","twitter_card":"summary_large_image","twitter_misc":{"Timp estimat pentru citire":"2 minute"},"schema":{"@context":"https:\/\/schema.org","@graph":[{"@type":"WebPage","@id":"https:\/\/www.palmedromhealth.com\/ro\/contact\/","url":"https:\/\/www.palmedromhealth.com\/ro\/contact\/","name":"Contact - PALMED - Patronatul Furnizorilor de Servicii Medicale Private din Rom\u00e2nia","isPartOf":{"@id":"https:\/\/www.palmedromhealth.com\/ro\/#website"},"datePublished":"2025-03-12T10:42:03+00:00","dateModified":"2026-04-02T07:41:27+00:00","inLanguage":"ro-RO","potentialAction":[{"@type":"ReadAction","target":["https:\/\/www.palmedromhealth.com\/ro\/contact\/"]}]},{"@type":"WebSite","@id":"https:\/\/www.palmedromhealth.com\/ro\/#website","url":"https:\/\/www.palmedromhealth.com\/ro\/","name":"PALMED - Patronatul Furnizorilor de Servicii Medicale Private din Rom\u00e2nia","description":"\u00cempreun\u0103 pentru un sistem medical mai puternic.","publisher":{"@id":"https:\/\/www.palmedromhealth.com\/ro\/#organization"},"potentialAction":[{"@type":"SearchAction","target":{"@type":"EntryPoint","urlTemplate":"https:\/\/www.palmedromhealth.com\/ro\/?s={search_term_string}"},"query-input":{"@type":"PropertyValueSpecification","valueRequired":true,"valueName":"search_term_string"}}],"inLanguage":"ro-RO"},{"@type":"Organization","@id":"https:\/\/www.palmedromhealth.com\/ro\/#organization","name":"PALMED - Patronatul Furnizorilor de Servicii Medicale Private din Rom\u00e2nia","url":"https:\/\/www.palmedromhealth.com\/ro\/","logo":{"@type":"ImageObject","inLanguage":"ro-RO","@id":"https:\/\/www.palmedromhealth.com\/ro\/#\/schema\/logo\/image\/","url":"https:\/\/www.palmedromhealth.com\/wp-content\/uploads\/2025\/04\/palmed-logo-proposal.png","contentUrl":"https:\/\/www.palmedromhealth.com\/wp-content\/uploads\/2025\/04\/palmed-logo-proposal.png","width":2460,"height":698,"caption":"PALMED - Patronatul Furnizorilor de Servicii Medicale Private din Rom\u00e2nia"},"image":{"@id":"https:\/\/www.palmedromhealth.com\/ro\/#\/schema\/logo\/image\/"},"sameAs":["https:\/\/www.facebook.com\/PALMED\/","https:\/\/www.linkedin.com\/company\/palmed-patronatul-furnizorilor-de-servicii-medicale-private\/"]}]}},"_links":{"self":[{"href":"https:\/\/www.palmedromhealth.com\/ro\/wp-json\/wp\/v2\/pages\/470","targetHints":{"allow":["GET"]}}],"collection":[{"href":"https:\/\/www.palmedromhealth.com\/ro\/wp-json\/wp\/v2\/pages"}],"about":[{"href":"https:\/\/www.palmedromhealth.com\/ro\/wp-json\/wp\/v2\/types\/page"}],"author":[{"embeddable":true,"href":"https:\/\/www.palmedromhealth.com\/ro\/wp-json\/wp\/v2\/users\/1"}],"replies":[{"embeddable":true,"href":"https:\/\/www.palmedromhealth.com\/ro\/wp-json\/wp\/v2\/comments?post=470"}],"version-history":[{"count":47,"href":"https:\/\/www.palmedromhealth.com\/ro\/wp-json\/wp\/v2\/pages\/470\/revisions"}],"predecessor-version":[{"id":987505105,"href":"https:\/\/www.palmedromhealth.com\/ro\/wp-json\/wp\/v2\/pages\/470\/revisions\/987505105"}],"wp:attachment":[{"href":"https:\/\/www.palmedromhealth.com\/ro\/wp-json\/wp\/v2\/media?parent=470"}],"curies":[{"name":"wp","href":"https:\/\/api.w.org\/{rel}","templated":true}]}}