{"id":987500911,"date":"2025-03-24T13:59:52","date_gmt":"2025-03-24T11:59:52","guid":{"rendered":"https:\/\/www.palmedromhealth.com\/board-of-directors-and-team\/"},"modified":"2025-10-03T11:00:32","modified_gmt":"2025-10-03T08:00:32","slug":"board-of-directors-and-team","status":"publish","type":"page","link":"https:\/\/www.palmedromhealth.com\/en\/board-of-directors-and-team\/","title":{"rendered":"Board of Directors and Team"},"content":{"rendered":"<p>[et_pb_section fb_built=&#8221;1&#8243; specialty=&#8221;on&#8221; custom_padding_last_edited=&#8221;on|phone&#8221; padding_right_1=&#8221;20px&#8221; padding_left_2=&#8221;40px&#8221; padding_top_bottom_link_1=&#8221;false&#8221; padding_top_bottom_link_2=&#8221;false&#8221; padding_left_right_link_1=&#8221;false&#8221; padding_left_right_link_2=&#8221;false&#8221; padding_1_tablet=&#8221;0px|0px|0px|0px|false|false&#8221; padding_2_tablet=&#8221;0px|0px|0px|0px|false|false&#8221; padding_1_phone=&#8221;0px|0px|0px|0px|true|true&#8221; padding_2_phone=&#8221;0px|0px|0px|0px|true|true&#8221; padding_1_last_edited=&#8221;on|phone&#8221; padding_2_last_edited=&#8221;on|tablet&#8221; module_class_1=&#8221;col-sticky&#8221; disabled_on=&#8221;off|off|off&#8221; admin_label=&#8221;Sectiune cu coloana 1 sticky&#8221; _builder_version=&#8221;4.27.4&#8243; _module_preset=&#8221;default&#8221; inner_width=&#8221;90%&#8221; custom_padding_tablet=&#8221;20px||20px|0px|true|false&#8221; custom_padding_phone=&#8221;10px||10px||true|false&#8221; sticky_position_last_edited=&#8221;off|desktop&#8221; custom_css_free_form=&#8221;.selector .col-sticky {||\tposition: sticky;||    top: 0; ||}||@media (max-width:980px) {||  .selector .col-sticky {||\t\tposition: relative;||\t}||}&#8221; collapsed=&#8221;off&#8221; global_colors_info=&#8221;{}&#8221;][et_pb_column type=&#8221;1_4&#8243; _builder_version=&#8221;4.16&#8243; custom_padding=&#8221;|||&#8221; global_colors_info=&#8221;{}&#8221; custom_padding__hover=&#8221;|||&#8221;][et_pb_post_title meta=&#8221;off&#8221; featured_image=&#8221;off&#8221; _builder_version=&#8221;4.27.4&#8243; _module_preset=&#8221;default&#8221; title_font=&#8221;|700|||||||&#8221; title_font_size=&#8221;3rem&#8221; title_font_size_tablet=&#8221;2.5rem&#8221; title_font_size_phone=&#8221;2rem&#8221; title_font_size_last_edited=&#8221;on|phone&#8221; global_colors_info=&#8221;{}&#8221;][\/et_pb_post_title][et_pb_menu menu_id=&#8221;32&#8243; active_link_color=&#8221;#FFFFFF&#8221; disabled_on=&#8221;on|on|off&#8221; admin_label=&#8221;Meniu &#8211; despre noi&#8221; _builder_version=&#8221;4.27.4&#8243; _module_preset=&#8221;default&#8221; menu_text_color=&#8221;#171F43&#8243; menu_font_size=&#8221;16px&#8221; menu_line_height=&#8221;1.2em&#8221; custom_margin=&#8221;|20px||20px|false|true&#8221; custom_css_free_form=&#8221;ul#menu-despre-noi li {||  width: 100%;||  margin: 0px;||}&#8221; custom_css_menu_link=&#8221;width:100%;||border-radius:8px;||padding:10px;||margin:0px !important;&#8221; custom_css_active_menu_link=&#8221;    background-color: #3988EA;&#8221; global_module=&#8221;987494660&#8243; global_colors_info=&#8221;{}&#8221;][\/et_pb_menu][\/et_pb_column][et_pb_column type=&#8221;3_4&#8243; specialty_columns=&#8221;3&#8243; _builder_version=&#8221;4.16&#8243; custom_padding=&#8221;|||&#8221; global_colors_info=&#8221;{}&#8221; custom_padding__hover=&#8221;|||&#8221;][et_pb_row_inner custom_padding_last_edited=&#8221;on|tablet&#8221; _builder_version=&#8221;4.27.4&#8243; _module_preset=&#8221;default&#8221; custom_margin=&#8221;||||false|false&#8221; custom_padding=&#8221;||0px||false|false&#8221; custom_padding_tablet=&#8221;0px||20px||false|false&#8221; custom_padding_phone=&#8221;0px||20px||false|false&#8221; collapsed=&#8221;off&#8221; global_colors_info=&#8221;{}&#8221;][et_pb_column_inner saved_specialty_column_type=&#8221;3_4&#8243; _builder_version=&#8221;4.27.4&#8243; _module_preset=&#8221;default&#8221; global_colors_info=&#8221;{}&#8221;][et_pb_blurb title=&#8221;Structure of the Board of Directors&#8221; image_icon_width=&#8221;50px&#8221; content_max_width=&#8221;1100px&#8221; _builder_version=&#8221;4.27.4&#8243; _module_preset=&#8221;default&#8221; header_level=&#8221;h2&#8243; header_font=&#8221;|600|||||||&#8221; custom_padding=&#8221;||20px||false|false&#8221; custom_padding_tablet=&#8221;||10px||false|false&#8221; custom_padding_phone=&#8221;||10px||false|false&#8221; custom_padding_last_edited=&#8221;on|tablet&#8221; locked=&#8221;off&#8221; global_colors_info=&#8221;{}&#8221; width__hover_enabled=&#8221;off|desktop&#8221; title_font_size_tablet=&#8221;2.5rem&#8221; title_font_size_phone=&#8221;2rem&#8221; title_font_size_last_edited=&#8221;on|phone&#8221;]<\/p>\n<p>The Board of Directors is the governing and administrative body of the Employers&#8217; Association between General Assembly meetings and consists of <strong>13 full members<\/strong> and <strong>3 alternate members<\/strong>, individually elected from among the representatives in the General Assembly, by the latter. Representatives on the Board of Directors may only be administrators\/associates of member companies of the employers&#8217; association or owners of individual practices.<\/p>\n<p><strong>The term of office on the Board of Directors is two years<\/strong>, with the <strong>possibility of renewal<\/strong> for a further two years.<\/p>\n<p>[\/et_pb_blurb][\/et_pb_column_inner][\/et_pb_row_inner][et_pb_row_inner admin_label=&#8221;obiective&#8221; _builder_version=&#8221;4.27.4&#8243; _module_preset=&#8221;default&#8221; background_color=&#8221;#3988EA&#8221; border_radii=&#8221;on|10px|10px|10px|10px&#8221; collapsed=&#8221;off&#8221; global_colors_info=&#8221;{}&#8221;][et_pb_column_inner saved_specialty_column_type=&#8221;3_4&#8243; _builder_version=&#8221;4.27.4&#8243; _module_preset=&#8221;default&#8221; global_colors_info=&#8221;{}&#8221;][et_pb_blurb title=&#8221;Organization and meeting criteria of the Board of Directors&#8221; use_icon=&#8221;on&#8221; font_icon=&#8221;&#xf0c0;||fa||900&#8243; icon_color=&#8221;#FFFFFF&#8221; icon_placement=&#8221;left&#8221; image_icon_width=&#8221;30px&#8221; content_max_width=&#8221;1100px&#8221; icon_placement_tablet=&#8221;left&#8221; icon_placement_phone=&#8221;top&#8221; icon_placement_last_edited=&#8221;on|phone&#8221; _builder_version=&#8221;4.27.4&#8243; _module_preset=&#8221;default&#8221; header_level=&#8221;h2&#8243; background_layout=&#8221;dark&#8221; width=&#8221;90%&#8221; module_alignment=&#8221;center&#8221; custom_padding_tablet=&#8221;|20px||20px|false|true&#8221; custom_padding_phone=&#8221;|20px||20px|false|true&#8221; custom_padding_last_edited=&#8221;on|tablet&#8221; global_colors_info=&#8221;{}&#8221;]<\/p>\n<p>The Board of Directors works in the presence of at least 7 of its 13 members and makes decisions with the positive vote of half plus one of those present.<\/p>\n<p>The Board of Directors may take decisions without meeting and deliberating if the act to be adopted is signed by all members of the Board of Directors.<\/p>\n<p>The Board of Directors is headed by a President, who is also the President of the Employers&#8217; Association. The president may delegate the leadership of the Board of Directors to a vice president.<\/p>\n<p>[\/et_pb_blurb][\/et_pb_column_inner][\/et_pb_row_inner][et_pb_row_inner column_structure=&#8221;1_2,1_2&#8243; use_custom_gutter=&#8221;on&#8221; gutter_width=&#8221;2&#8243; make_equal=&#8221;on&#8221; admin_label=&#8221;cele 6 elemente &#8211; continut&#8221; _builder_version=&#8221;4.27.4&#8243; _module_preset=&#8221;default&#8221; custom_margin=&#8221;||||false|false&#8221; custom_padding=&#8221;||||false|false&#8221; collapsed=&#8221;off&#8221; global_colors_info=&#8221;{}&#8221;][et_pb_column_inner type=&#8221;1_2&#8243; saved_specialty_column_type=&#8221;3_4&#8243; _builder_version=&#8221;4.27.4&#8243; _module_preset=&#8221;default&#8221; global_colors_info=&#8221;{}&#8221; custom_css_main_element_last_edited=&#8221;on|tablet&#8221; custom_css_main_element_tablet=&#8221;width:50%;&#8221; custom_css_main_element_phone=&#8221;width:50%;&#8221;][et_pb_blurb title=&#8221;President: Cristian Hotoboc, Biodev Medical Center&#8221; _builder_version=&#8221;4.27.4&#8243; _module_preset=&#8221;default&#8221; header_level=&#8221;h3&#8243; header_font=&#8221;|700|||||||&#8221; header_text_color=&#8221;#000000&#8243; header_font_size=&#8221;1.1rem&#8221; global_colors_info=&#8221;{}&#8221;]<\/p>\n<ul>\n<li>Vice President: Ilarie Baila, Bioclinica Laboratories<\/li>\n<li>Vice President: Cristina Berteanu, Memorial Romania<\/li>\n<li>Vice President: Roman Boca, Dorna Medical<\/li>\n<li>Vice President: Florinela C\u00eerstina, Medicover<\/li>\n<li>Vice President: Ionut Leahu, Regina Maria Dental Clinics<\/li>\n<li>Vice President: R\u0103zvan Pavel, Medima Health<\/li>\n<li>Vice President: Razvan Predica, Affidea Romania<\/li>\n<li>Vice President: Corina Neagu, Clinics and Laboratories Sf. Maria<\/li>\n<li>Vice President: Serban Semeniuc, Regina Maria<\/li>\n<li>Vice President: Robert \u0218erban, Medical General<\/li>\n<\/ul>\n<p>[\/et_pb_blurb][\/et_pb_column_inner][et_pb_column_inner type=&#8221;1_2&#8243; saved_specialty_column_type=&#8221;3_4&#8243; _builder_version=&#8221;4.27.4&#8243; _module_preset=&#8221;default&#8221; global_colors_info=&#8221;{}&#8221; custom_css_main_element_last_edited=&#8221;on|tablet&#8221; custom_css_main_element_tablet=&#8221;width:50%;&#8221; custom_css_main_element_phone=&#8221;width:50%;&#8221;][et_pb_blurb _builder_version=&#8221;4.27.4&#8243; _module_preset=&#8221;default&#8221; header_level=&#8221;h3&#8243; header_font=&#8221;|700|||||||&#8221; header_text_color=&#8221;#000000&#8243; header_font_size=&#8221;1.1rem&#8221; custom_margin=&#8221;||0px||false|false&#8221; custom_padding=&#8221;||0px||false|false&#8221; global_colors_info=&#8221;{}&#8221;]<\/p>\n<ul>\n<li>Treasurer: Peter Kadar-Dombi, Prodia<\/li>\n<li>Secretary General: Alida Gogescu, Medlife Sama<\/li>\n<li>Deputy: Claudia Diaconu, Kineto Consult<\/li>\n<li>Deputy: Bogdan Pana, Ovidius Clinical Hospital<\/li>\n<li>Deputy: Fabio Razzetto, Neolife Romania<\/li>\n<\/ul>\n<p>[\/et_pb_blurb][et_pb_blurb title=&#8221;Team&#8221; _builder_version=&#8221;4.27.4&#8243; _module_preset=&#8221;default&#8221; header_level=&#8221;h3&#8243; header_font=&#8221;|700|||||||&#8221; header_text_color=&#8221;#000000&#8243; header_font_size=&#8221;1.1rem&#8221; global_colors_info=&#8221;{}&#8221;]<\/p>\n<ul>\n<li>Strategic Partner for Public Relations: R\u0103zvan Vulc\u0103nescu<\/li>\n<li>Operations Director: Ioana Vasilescu<\/li>\n<li>Office Manager: Loredana C\u00eerlan<\/li>\n<\/ul>\n<p>[\/et_pb_blurb][et_pb_button button_url=&#8221;\/wp-content\/uploads\/2025\/09\/Statut-PALMED-2025_v2.pdf&#8221; url_new_window=&#8221;on&#8221; button_text=&#8221;See status&#8221; button_alignment=&#8221;right&#8221; _builder_version=&#8221;4.27.4&#8243; _module_preset=&#8221;default&#8221; custom_margin=&#8221;0px||||false|false&#8221; custom_padding=&#8221;||||false|false&#8221; hover_enabled=&#8221;0&#8243; global_colors_info=&#8221;{}&#8221; sticky_enabled=&#8221;0&#8243;][\/et_pb_button][\/et_pb_column_inner][\/et_pb_row_inner][\/et_pb_column][\/et_pb_section]<\/p>\n","protected":false},"excerpt":{"rendered":"<p>The Board of Directors is the governing and administrative body of the Employers&#8217; Association between General Assembly meetings and consists of 13 full members and 3 alternate members, individually elected from among the representatives in the General Assembly, by the latter. Representatives on the Board of Directors may only be administrators\/associates of member companies of [&hellip;]<\/p>\n","protected":false},"author":1,"featured_media":0,"parent":987500924,"menu_order":0,"comment_status":"closed","ping_status":"closed","template":"","meta":{"_acf_changed":false,"_et_pb_use_builder":"on","_et_pb_old_content":"","_et_gb_content_width":"","footnotes":""},"class_list":["post-987500911","page","type-page","status-publish","hentry"],"acf":[],"yoast_head":"<!-- This site is optimized with the Yoast SEO plugin v27.3 - https:\/\/yoast.com\/product\/yoast-seo-wordpress\/ -->\n<title>Board of Directors and Team - PALMED - Patronatul Furnizorilor de Servicii Medicale Private din Rom\u00e2nia<\/title>\n<meta name=\"description\" content=\"The structure of the PALMED Board of Directors - is the governing and administrative body of the Employers&#039; Association between General Assembly meetings and consists of 13 full members and 3 alternate members.\" \/>\n<meta name=\"robots\" content=\"index, follow, max-snippet:-1, max-image-preview:large, max-video-preview:-1\" \/>\n<link rel=\"canonical\" href=\"https:\/\/www.palmedromhealth.com\/en\/board-of-directors-and-team\/\" \/>\n<meta property=\"og:locale\" content=\"en_US\" \/>\n<meta property=\"og:type\" content=\"article\" \/>\n<meta property=\"og:title\" content=\"Board of Directors and Team - PALMED - Patronatul Furnizorilor de Servicii Medicale Private din Rom\u00e2nia\" \/>\n<meta property=\"og:description\" content=\"The structure of the PALMED Board of Directors - is the governing and administrative body of the Employers&#039; Association between General Assembly meetings and consists of 13 full members and 3 alternate members.\" \/>\n<meta property=\"og:site_name\" content=\"PALMED - Patronatul Furnizorilor de Servicii Medicale Private din Rom\u00e2nia\" \/>\n<meta property=\"article:publisher\" content=\"https:\/\/www.facebook.com\/PALMED\/\" \/>\n<meta property=\"article:modified_time\" content=\"2025-10-03T08:00:32+00:00\" \/>\n<meta name=\"twitter:card\" content=\"summary_large_image\" \/>\n<meta name=\"twitter:label1\" content=\"Est. reading time\" \/>\n\t<meta name=\"twitter:data1\" content=\"6 minutes\" \/>\n<script type=\"application\/ld+json\" class=\"yoast-schema-graph\">{\"@context\":\"https:\\\/\\\/schema.org\",\"@graph\":[{\"@type\":\"WebPage\",\"@id\":\"https:\\\/\\\/www.palmedromhealth.com\\\/en\\\/board-of-directors-and-team\\\/\",\"url\":\"https:\\\/\\\/www.palmedromhealth.com\\\/en\\\/board-of-directors-and-team\\\/\",\"name\":\"Board of Directors and Team - PALMED - Patronatul Furnizorilor de Servicii Medicale Private din Rom\u00e2nia\",\"isPartOf\":{\"@id\":\"https:\\\/\\\/www.palmedromhealth.com\\\/en\\\/#website\"},\"datePublished\":\"2025-03-24T11:59:52+00:00\",\"dateModified\":\"2025-10-03T08:00:32+00:00\",\"description\":\"The structure of the PALMED Board of Directors - is the governing and administrative body of the Employers' Association between General Assembly meetings and consists of 13 full members and 3 alternate members.\",\"breadcrumb\":{\"@id\":\"https:\\\/\\\/www.palmedromhealth.com\\\/en\\\/board-of-directors-and-team\\\/#breadcrumb\"},\"inLanguage\":\"en-US\",\"potentialAction\":[{\"@type\":\"ReadAction\",\"target\":[\"https:\\\/\\\/www.palmedromhealth.com\\\/en\\\/board-of-directors-and-team\\\/\"]}]},{\"@type\":\"BreadcrumbList\",\"@id\":\"https:\\\/\\\/www.palmedromhealth.com\\\/en\\\/board-of-directors-and-team\\\/#breadcrumb\",\"itemListElement\":[{\"@type\":\"ListItem\",\"position\":1,\"name\":\"About us\",\"item\":\"https:\\\/\\\/www.palmedromhealth.com\\\/en\\\/about-us\\\/\"},{\"@type\":\"ListItem\",\"position\":2,\"name\":\"Board of Directors and Team\"}]},{\"@type\":\"WebSite\",\"@id\":\"https:\\\/\\\/www.palmedromhealth.com\\\/en\\\/#website\",\"url\":\"https:\\\/\\\/www.palmedromhealth.com\\\/en\\\/\",\"name\":\"PALMED - Patronatul Furnizorilor de Servicii Medicale Private din Rom\u00e2nia\",\"description\":\"\u00cempreun\u0103 pentru un sistem medical mai puternic.\",\"publisher\":{\"@id\":\"https:\\\/\\\/www.palmedromhealth.com\\\/en\\\/#organization\"},\"potentialAction\":[{\"@type\":\"SearchAction\",\"target\":{\"@type\":\"EntryPoint\",\"urlTemplate\":\"https:\\\/\\\/www.palmedromhealth.com\\\/en\\\/?s={search_term_string}\"},\"query-input\":{\"@type\":\"PropertyValueSpecification\",\"valueRequired\":true,\"valueName\":\"search_term_string\"}}],\"inLanguage\":\"en-US\"},{\"@type\":\"Organization\",\"@id\":\"https:\\\/\\\/www.palmedromhealth.com\\\/en\\\/#organization\",\"name\":\"PALMED - Patronatul Furnizorilor de Servicii Medicale Private din Rom\u00e2nia\",\"url\":\"https:\\\/\\\/www.palmedromhealth.com\\\/en\\\/\",\"logo\":{\"@type\":\"ImageObject\",\"inLanguage\":\"en-US\",\"@id\":\"https:\\\/\\\/www.palmedromhealth.com\\\/en\\\/#\\\/schema\\\/logo\\\/image\\\/\",\"url\":\"https:\\\/\\\/www.palmedromhealth.com\\\/wp-content\\\/uploads\\\/2025\\\/04\\\/palmed-logo-proposal.png\",\"contentUrl\":\"https:\\\/\\\/www.palmedromhealth.com\\\/wp-content\\\/uploads\\\/2025\\\/04\\\/palmed-logo-proposal.png\",\"width\":2460,\"height\":698,\"caption\":\"PALMED - Patronatul Furnizorilor de Servicii Medicale Private din Rom\u00e2nia\"},\"image\":{\"@id\":\"https:\\\/\\\/www.palmedromhealth.com\\\/en\\\/#\\\/schema\\\/logo\\\/image\\\/\"},\"sameAs\":[\"https:\\\/\\\/www.facebook.com\\\/PALMED\\\/\",\"https:\\\/\\\/www.linkedin.com\\\/company\\\/palmed-patronatul-furnizorilor-de-servicii-medicale-private\\\/\"]}]}<\/script>\n<!-- \/ Yoast SEO plugin. -->","yoast_head_json":{"title":"Board of Directors and Team - PALMED - Patronatul Furnizorilor de Servicii Medicale Private din Rom\u00e2nia","description":"The structure of the PALMED Board of Directors - is the governing and administrative body of the Employers' Association between General Assembly meetings and consists of 13 full members and 3 alternate members.","robots":{"index":"index","follow":"follow","max-snippet":"max-snippet:-1","max-image-preview":"max-image-preview:large","max-video-preview":"max-video-preview:-1"},"canonical":"https:\/\/www.palmedromhealth.com\/en\/board-of-directors-and-team\/","og_locale":"en_US","og_type":"article","og_title":"Board of Directors and Team - PALMED - Patronatul Furnizorilor de Servicii Medicale Private din Rom\u00e2nia","og_description":"The structure of the PALMED Board of Directors - is the governing and administrative body of the Employers' Association between General Assembly meetings and consists of 13 full members and 3 alternate members.","og_site_name":"PALMED - Patronatul Furnizorilor de Servicii Medicale Private din Rom\u00e2nia","article_publisher":"https:\/\/www.facebook.com\/PALMED\/","article_modified_time":"2025-10-03T08:00:32+00:00","twitter_card":"summary_large_image","twitter_misc":{"Est. reading time":"6 minutes"},"schema":{"@context":"https:\/\/schema.org","@graph":[{"@type":"WebPage","@id":"https:\/\/www.palmedromhealth.com\/en\/board-of-directors-and-team\/","url":"https:\/\/www.palmedromhealth.com\/en\/board-of-directors-and-team\/","name":"Board of Directors and Team - PALMED - Patronatul Furnizorilor de Servicii Medicale Private din Rom\u00e2nia","isPartOf":{"@id":"https:\/\/www.palmedromhealth.com\/en\/#website"},"datePublished":"2025-03-24T11:59:52+00:00","dateModified":"2025-10-03T08:00:32+00:00","description":"The structure of the PALMED Board of Directors - is the governing and administrative body of the Employers' Association between General Assembly meetings and consists of 13 full members and 3 alternate members.","breadcrumb":{"@id":"https:\/\/www.palmedromhealth.com\/en\/board-of-directors-and-team\/#breadcrumb"},"inLanguage":"en-US","potentialAction":[{"@type":"ReadAction","target":["https:\/\/www.palmedromhealth.com\/en\/board-of-directors-and-team\/"]}]},{"@type":"BreadcrumbList","@id":"https:\/\/www.palmedromhealth.com\/en\/board-of-directors-and-team\/#breadcrumb","itemListElement":[{"@type":"ListItem","position":1,"name":"About us","item":"https:\/\/www.palmedromhealth.com\/en\/about-us\/"},{"@type":"ListItem","position":2,"name":"Board of Directors and Team"}]},{"@type":"WebSite","@id":"https:\/\/www.palmedromhealth.com\/en\/#website","url":"https:\/\/www.palmedromhealth.com\/en\/","name":"PALMED - Patronatul Furnizorilor de Servicii Medicale Private din Rom\u00e2nia","description":"\u00cempreun\u0103 pentru un sistem medical mai puternic.","publisher":{"@id":"https:\/\/www.palmedromhealth.com\/en\/#organization"},"potentialAction":[{"@type":"SearchAction","target":{"@type":"EntryPoint","urlTemplate":"https:\/\/www.palmedromhealth.com\/en\/?s={search_term_string}"},"query-input":{"@type":"PropertyValueSpecification","valueRequired":true,"valueName":"search_term_string"}}],"inLanguage":"en-US"},{"@type":"Organization","@id":"https:\/\/www.palmedromhealth.com\/en\/#organization","name":"PALMED - Patronatul Furnizorilor de Servicii Medicale Private din Rom\u00e2nia","url":"https:\/\/www.palmedromhealth.com\/en\/","logo":{"@type":"ImageObject","inLanguage":"en-US","@id":"https:\/\/www.palmedromhealth.com\/en\/#\/schema\/logo\/image\/","url":"https:\/\/www.palmedromhealth.com\/wp-content\/uploads\/2025\/04\/palmed-logo-proposal.png","contentUrl":"https:\/\/www.palmedromhealth.com\/wp-content\/uploads\/2025\/04\/palmed-logo-proposal.png","width":2460,"height":698,"caption":"PALMED - Patronatul Furnizorilor de Servicii Medicale Private din Rom\u00e2nia"},"image":{"@id":"https:\/\/www.palmedromhealth.com\/en\/#\/schema\/logo\/image\/"},"sameAs":["https:\/\/www.facebook.com\/PALMED\/","https:\/\/www.linkedin.com\/company\/palmed-patronatul-furnizorilor-de-servicii-medicale-private\/"]}]}},"_links":{"self":[{"href":"https:\/\/www.palmedromhealth.com\/en\/wp-json\/wp\/v2\/pages\/987500911","targetHints":{"allow":["GET"]}}],"collection":[{"href":"https:\/\/www.palmedromhealth.com\/en\/wp-json\/wp\/v2\/pages"}],"about":[{"href":"https:\/\/www.palmedromhealth.com\/en\/wp-json\/wp\/v2\/types\/page"}],"author":[{"embeddable":true,"href":"https:\/\/www.palmedromhealth.com\/en\/wp-json\/wp\/v2\/users\/1"}],"replies":[{"embeddable":true,"href":"https:\/\/www.palmedromhealth.com\/en\/wp-json\/wp\/v2\/comments?post=987500911"}],"version-history":[{"count":2,"href":"https:\/\/www.palmedromhealth.com\/en\/wp-json\/wp\/v2\/pages\/987500911\/revisions"}],"predecessor-version":[{"id":987500913,"href":"https:\/\/www.palmedromhealth.com\/en\/wp-json\/wp\/v2\/pages\/987500911\/revisions\/987500913"}],"up":[{"embeddable":true,"href":"https:\/\/www.palmedromhealth.com\/en\/wp-json\/wp\/v2\/pages\/987500924"}],"wp:attachment":[{"href":"https:\/\/www.palmedromhealth.com\/en\/wp-json\/wp\/v2\/media?parent=987500911"}],"curies":[{"name":"wp","href":"https:\/\/api.w.org\/{rel}","templated":true}]}}